{"id":5724,"date":"2015-11-19T15:22:44","date_gmt":"2015-11-19T15:22:44","guid":{"rendered":"https:\/\/www.larsphysant.com\/da\/presentacion\/"},"modified":"2018-03-14T15:56:28","modified_gmt":"2018-03-14T15:56:28","slug":"presentacion","status":"publish","type":"page","link":"https:\/\/www.larsphysant.com\/da\/presentacion\/","title":{"rendered":"Pr\u00e6sentation"},"content":{"rendered":"<section class=\"l-section wpb_row height_medium\"><div class=\"l-section-h i-cf\"><div class=\"g-cols offset_small\"><div class=\" full-width\"><\/div><\/div><\/div><\/section><section class=\"l-section wpb_row height_medium\"><div class=\"l-section-h i-cf\"><div class=\"g-cols offset_small\"><div class=\" one-third\"><div class=\"w-image \"><img loading=\"lazy\" decoding=\"async\" width=\"300\" height=\"283\" src=\"https:\/\/www.larsphysant.com\/wp-content\/uploads\/2015\/11\/IMG_0709a-300x283.jpg\" class=\"attachment-medium size-medium\" alt=\"\" srcset=\"https:\/\/www.larsphysant.com\/wp-content\/uploads\/2015\/11\/IMG_0709a-300x283.jpg 300w, https:\/\/www.larsphysant.com\/wp-content\/uploads\/2015\/11\/IMG_0709a-1024x965.jpg 1024w, https:\/\/www.larsphysant.com\/wp-content\/uploads\/2015\/11\/IMG_0709a-600x566.jpg 600w\" sizes=\"auto, (max-width: 300px) 100vw, 300px\" \/><\/div><\/div><div class=\" two-thirds\"><div class=\"wpb_text_column \"><div class=\"wpb_wrapper\">\n<div class=\"two-thirds\">\n<div class=\"wpb_text_column \">\n<div class=\"wpb_wrapper\">\n<p>Dansk maler f\u00f8dt i K\u00f8benhavn i 1957. Bor og arbejder i Barcelona siden 1994. Physants konceptuelle maleri har sine r\u00f8dder i den danske guldalders naturalisme, (han blev kaldt &#8220;Eckersbergelev i 1980&#8217;erne\u201d) med inspiration s\u00e6rligt fra Christen K\u00f8bke. Lysbehandlingen hos Vermeer van Delft og Vilhelm Hammersh\u00f8i har v\u00e6ret en ledestjerne hos Lars Physant siden teenage-tiden; og denne affinitet har kun vokset sig st\u00e6rkere med \u00e5rene.<\/p>\n<p>Gennem hele sin karriere har han eksperimenteret med en fusion af realisme og abstraktion, hvilket har udviklet sig til selve kernen af \u200b\u200bhans kunstneriske projekt: <strong><em>Introspektiv naturalisme<\/em><\/strong> og <strong><em>Samlet splittet virkelighed<\/em><\/strong> har v\u00e6ret titler for dette indhold i maleriet.<\/p>\n<p>Den konstante fragmentering og forening skaber i maleriet en evig vekselvirkning mellem kontinuitet og diskontinuitet og beskriver forskellige tilstande og tidsoplevelser, hvis konsekvente udtryk er reliefstrukturerne. Dette koncept, <strong><em>Kontrapunktisk realisme<\/em><\/strong> eller <strong><em>Multiversal realisme<\/em><\/strong>, har v\u00e6ret det centrale i hans seneste v\u00e6rker. Det fokuserer p\u00e5 selve den visuelle opfattelse og kr\u00e6ver en aktiv synsakt fra beskueren &#8211; en <strong><em>Simultan perception<\/em><\/strong>.<\/p>\n<p>Koncepter der kr\u00e6ver en erkendelse af, at virkelighedens, ikke mindst den virtuelle virkeligheds, kompleksitet udfordrer den kunstneriske artikulation i det 21. \u00e5rhundrede. Dette opleves i det rene maleri som en parallel til Peter Greenaways projekt inden film og videokunst.<\/p>\n<p>Physant anvender ogs\u00e5 disse koncepter i sine portr\u00e6tmalerier, der altid har haft en central plads i hans virke. Han har tegnet portr\u00e6tter efter levende model, siden han var 13. I portr\u00e6ttet s\u00f8ger han det menneskelige og det ubevidste for at komponere helheden i v\u00e6rket.<\/p>\n<p>I 2015 malede han et portr\u00e6t af HM Dronning Margrethe II af Danmark, bestilt af Nationalmuseet. Andre nyere portr\u00e6tter: HKH Prinsesse Benedikte, Annie &amp; Otto Detlefs, Ib Kun\u00f8e, W. Schwartz (Stormester i Den Danske Frimurerorden).<\/p>\n<p>Physant finder stor inspiration i musik, videnskab, psykologi og litteratur, specielt poesi. Han har illustreret den danske og norske udgave af JRR Tolkiens <em>Tree and Leaf<\/em> og udf\u00f8rte malerier til to b\u00f8ger om Rom: <em>Rom, pladsernes by<\/em> og <em>Glimt af et Glemt Rom<\/em>, hvilket blev begyndelsen p\u00e5 adskillige udstillinger med mediterran inspiration i Danmark. I 2013 illustrerede han den danske udgave af Federico Garc\u00eda Lorcas <em>Ferias<\/em>, oversat af Inge og Klaus Rifbjerg, med 28 v\u00e6rker, der blev udstillet p\u00e5 Museo Casa Natal FG Lorca i Granada, Spanien og i Vendsyssel Kunstmuseum.<\/p>\n<p>Physants selvportr\u00e6t p\u00e5 Vendsyssel Kunstmuseum er en fortolkning i maleriet af De Fire Temperamenter udtrykt i Carl Nielsens Anden Symfoni.<\/p>\n<p>I 2017 tildelte HM Dronning Margrethe II af Danmark Lars Physant Ridder af Dannebrogordenen.<\/p>\n<\/div>\n<\/div>\n<\/div>\n<\/div> <\/div> <\/div><\/div><\/div><\/section><section class=\"l-section wpb_row height_medium\"><div class=\"l-section-h i-cf\"><div class=\"g-cols offset_small\"><div class=\" full-width\"><\/div><\/div><\/div><\/section>\n","protected":false},"excerpt":{"rendered":"Dansk maler f\u00f8dt i K\u00f8benhavn i 1957. Bor og arbejder i Barcelona siden 1994. Physants konceptuelle maleri har sine r\u00f8dder i den danske guldalders naturalisme, (han blev kaldt \"Eckersbergelev i...","protected":false},"author":1,"featured_media":0,"parent":0,"menu_order":0,"comment_status":"closed","ping_status":"closed","template":"","meta":{"ngg_post_thumbnail":0,"footnotes":""},"class_list":["post-5724","page","type-page","status-publish","hentry"],"_links":{"self":[{"href":"https:\/\/www.larsphysant.com\/da\/wp-json\/wp\/v2\/pages\/5724","targetHints":{"allow":["GET"]}}],"collection":[{"href":"https:\/\/www.larsphysant.com\/da\/wp-json\/wp\/v2\/pages"}],"about":[{"href":"https:\/\/www.larsphysant.com\/da\/wp-json\/wp\/v2\/types\/page"}],"author":[{"embeddable":true,"href":"https:\/\/www.larsphysant.com\/da\/wp-json\/wp\/v2\/users\/1"}],"replies":[{"embeddable":true,"href":"https:\/\/www.larsphysant.com\/da\/wp-json\/wp\/v2\/comments?post=5724"}],"version-history":[{"count":5,"href":"https:\/\/www.larsphysant.com\/da\/wp-json\/wp\/v2\/pages\/5724\/revisions"}],"predecessor-version":[{"id":10293,"href":"https:\/\/www.larsphysant.com\/da\/wp-json\/wp\/v2\/pages\/5724\/revisions\/10293"}],"wp:attachment":[{"href":"https:\/\/www.larsphysant.com\/da\/wp-json\/wp\/v2\/media?parent=5724"}],"curies":[{"name":"wp","href":"https:\/\/api.w.org\/{rel}","templated":true}]}}