{"id":5746,"date":"2015-11-19T15:36:34","date_gmt":"2015-11-19T15:36:34","guid":{"rendered":"https:\/\/www.larsphysant.com\/da\/representaciones\/"},"modified":"2022-12-03T10:41:48","modified_gmt":"2022-12-03T10:41:48","slug":"representaciones","status":"publish","type":"page","link":"https:\/\/www.larsphysant.com\/da\/representaciones\/","title":{"rendered":"Repr\u00e6sentationer"},"content":{"rendered":"<section class=\"l-section wpb_row height_medium\"><div class=\"l-section-h i-cf\"><div class=\"g-cols offset_small\"><div class=\" full-width\"><\/div><\/div><\/div><\/section><section class=\"l-section wpb_row height_medium\"><div class=\"l-section-h i-cf\"><div class=\"g-cols offset_small\"><div class=\" full-width\"><div class=\"wpb_text_column \"><div class=\"wpb_wrapper\">\n<div class=\"five-sixths\">\n<div class=\"wpb_text_column \">\n<div class=\"wpb_wrapper\"><strong>REPR\u00c6SENTATIONER<\/strong><\/div>\n<div class=\"wpb_wrapper\">* Nationalmuseet, K\u00f8benhavn, 2022<br \/>\n* Det Nationalhistoriske Museum, Frederiksborg Slot, 2021<br \/>\n* H.M. Dronning Margrethe II Samling, Fredensborg 2017<br \/>\n* H.M. Dronning Margrethe II Samling, Amalienborg 2016<br \/>\n* H.R.H. Prinsesse Benediktes Samling, Amalienborg 2016<br \/>\n* Kong Constantine &amp; Dronning Anne Marie af Gr\u00e6kenland Samling, 2016<br \/>\n* Vendsyssel Kunstmuseum, 2012<br \/>\n* Annie &amp; Otto Jhs. Detlefs Fonde, 2010-2011-2012<br \/>\n* Det Danske Generalkonsulatet i Barcelona, 2010<br \/>\n* Ny Carlsbergfondet, 2005<br \/>\n* Prinsesse Benediktes samling, 2004<br \/>\n* Altertavle til Maglebr\u00e6nde Kirke, Falster, 2002<br \/>\n* Fundaci\u00f3n Esteve, Barcelona, 1998<br \/>\n* Dronning Ingrids samling, 1990<br \/>\n* Det Nationalhistoriske Museum, Frederiksborg Slot, 1987<\/div>\n<\/div>\n<\/div>\n<div class=\"five-sixths\" style=\"margin-top: 20px;\">\n<div class=\"wpb_text_column\">\n<div class=\"wpb_wrapper\"><strong>ANDET<br \/>\n<\/strong><br \/>\n* Konference. Fraktal-skrift: To vinklinger \u2013 Ram\u00f3n Dachs, digter\/forfatter og Lars Physant, billedkunstner\/maler.<br \/>\nInstituto del Campo Freudiano (Jacques Lacan-Institutet), Barcelona 2008.<br \/>\n* St\u00f8tte fra Annie og Otto Johs. Detlefs Almennyttige Fond, 2003<br \/>\n* Bestyrelsesmedlem af Dronning Isabella Fonden siden 2002<br \/>\n* Artista del A\u00f1o 1998 (\u00c5rets kunstner) \u2013 Laboratorios Esteve, Barcelona<br \/>\n* \u201cVirksomheder mod kr\u00e6ft\u201d, (Kr\u00e6ftens Bek\u00e6mpelse); \u00e5rets kunstner, 1998<\/div>\n<\/div>\n<\/div>\n<\/div> <\/div> <\/div><\/div><\/div><\/section><section class=\"l-section wpb_row height_medium\"><div class=\"l-section-h i-cf\"><div class=\"g-cols offset_small\"><div class=\" full-width\"><\/div><\/div><\/div><\/section>\n","protected":false},"excerpt":{"rendered":"REPR\u00c6SENTATIONER * Nationalmuseet, K\u00f8benhavn, 2022 * Det Nationalhistoriske Museum, Frederiksborg Slot, 2021 * H.M. Dronning Margrethe II Samling, Fredensborg 2017 * H.M. Dronning Margrethe II Samling, Amalienborg 2016 * H.R.H....","protected":false},"author":1,"featured_media":0,"parent":0,"menu_order":0,"comment_status":"closed","ping_status":"closed","template":"","meta":{"ngg_post_thumbnail":0,"footnotes":""},"class_list":["post-5746","page","type-page","status-publish","hentry"],"_links":{"self":[{"href":"https:\/\/www.larsphysant.com\/da\/wp-json\/wp\/v2\/pages\/5746","targetHints":{"allow":["GET"]}}],"collection":[{"href":"https:\/\/www.larsphysant.com\/da\/wp-json\/wp\/v2\/pages"}],"about":[{"href":"https:\/\/www.larsphysant.com\/da\/wp-json\/wp\/v2\/types\/page"}],"author":[{"embeddable":true,"href":"https:\/\/www.larsphysant.com\/da\/wp-json\/wp\/v2\/users\/1"}],"replies":[{"embeddable":true,"href":"https:\/\/www.larsphysant.com\/da\/wp-json\/wp\/v2\/comments?post=5746"}],"version-history":[{"count":6,"href":"https:\/\/www.larsphysant.com\/da\/wp-json\/wp\/v2\/pages\/5746\/revisions"}],"predecessor-version":[{"id":11649,"href":"https:\/\/www.larsphysant.com\/da\/wp-json\/wp\/v2\/pages\/5746\/revisions\/11649"}],"wp:attachment":[{"href":"https:\/\/www.larsphysant.com\/da\/wp-json\/wp\/v2\/media?parent=5746"}],"curies":[{"name":"wp","href":"https:\/\/api.w.org\/{rel}","templated":true}]}}