{"id":5755,"date":"2015-11-17T19:13:00","date_gmt":"2015-11-17T19:13:00","guid":{"rendered":"https:\/\/www.larsphysant.com\/da\/prensa\/"},"modified":"2024-03-25T08:39:00","modified_gmt":"2024-03-25T08:39:00","slug":"prensa","status":"publish","type":"page","link":"https:\/\/www.larsphysant.com\/da\/prensa\/","title":{"rendered":"Prensa"},"content":{"rendered":"<section class=\"l-section wpb_row height_medium\"><div class=\"l-section-h i-cf\"><div class=\"g-cols offset_small\"><div class=\" full-width\"><\/div><\/div><\/div><\/section><section class=\"l-section wpb_row height_medium\"><div class=\"l-section-h i-cf\"><div class=\"g-cols offset_small\"><div class=\" full-width\"><div class=\"wpb_text_column \"><div class=\"wpb_wrapper\">\n<ul>\n<li><b>Antoni Ribas Tur<\/b>, Un retratista reial a l\u2019Eixample, ARA Barcelona, 2024 <a href=\"https:\/\/www.larsphysant.com\/wp-content\/uploads\/2024\/01\/Un-retratista-reial-a-lEixample.pdf\" target=\"_blank\" rel=\"noopener\"><img loading=\"lazy\" decoding=\"async\" class=\"alignnone wp-image-5242 size-full\" src=\"https:\/\/www.larsphysant.com\/wp-content\/uploads\/2015\/11\/pdf2.png\" alt=\"pdf\" width=\"14\" height=\"17\"><\/a><\/li>\n<li><strong>Inge Schj\u00f8dt<\/strong>, Nationalmuseets ansigter, Kunstavisen 2022 <a href=\"https:\/\/www.larsphysant.com\/wp-content\/uploads\/2023\/02\/Nationalmuseets-ansigter_DK.pdf\" target=\"_blank\" rel=\"noopener\"><img loading=\"lazy\" decoding=\"async\" class=\"alignnone wp-image-5242 size-full\" src=\"https:\/\/www.larsphysant.com\/wp-content\/uploads\/2015\/11\/pdf2.png\" alt=\"pdf\" width=\"14\" height=\"17\"><\/a><\/li>\n<li><strong>Inge Schj\u00f8dt<\/strong>, Det Kontrapuktiske Portr\u00e6t, Kunstavisen 2021 <a ref=\"magnificPopup\" href=\"https:\/\/www.larsphysant.com\/wp-content\/uploads\/2024\/03\/Det-Kontrapuktiske-Portraet-Kunstavisen-2021.jpg\"><img loading=\"lazy\" decoding=\"async\" class=\"alignnone wp-image-5242 size-full\" src=\"https:\/\/www.larsphysant.com\/wp-content\/uploads\/2015\/11\/pdf2.png\" alt=\"pdf\" width=\"14\" height=\"17\"><\/a><\/li>\n<li><strong>Trine Larsen<\/strong>, Det er en \u00e6re, Billed-bladet 2021 <img loading=\"lazy\" decoding=\"async\" class=\"alignnone wp-image-5242 size-full\" src=\"https:\/\/www.larsphysant.com\/wp-content\/uploads\/2015\/11\/pdf2.png\" alt=\"pdf\" width=\"14\" height=\"17\"><\/li>\n<li><strong>Per Skovkj\u00e6r Sand<\/strong>, Nyt Portr\u00e6t af Prinsesse Benedikte afsl\u00f8ret, Frederiksborg Amst Avis, 2021 <img loading=\"lazy\" decoding=\"async\" class=\"alignnone wp-image-5242 size-full\" src=\"https:\/\/www.larsphysant.com\/wp-content\/uploads\/2015\/11\/pdf2.png\" alt=\"pdf\" width=\"14\" height=\"17\"><\/li>\n<li><strong>Per Skovkj\u00e6r Sand<\/strong>, Prinsesse Benedikte afsl\u00f8rede nyt portr\u00e6t, Hiller\u00f8d Posten, 2021 <img loading=\"lazy\" decoding=\"async\" class=\"alignnone wp-image-5242 size-full\" src=\"https:\/\/www.larsphysant.com\/wp-content\/uploads\/2015\/11\/pdf2.png\" alt=\"pdf\" width=\"14\" height=\"17\"><\/li>\n<li><strong>Monica Ritterband<\/strong>, Fotografiet er en Guds gave til maleriet, Kunstavisen 2019 <a href=\"https:\/\/www.larsphysant.com\/wp-content\/uploads\/2021\/07\/Fotografiet-er-en-Guds-gave-til-maleriet.pdf\"><img loading=\"lazy\" decoding=\"async\" class=\"alignnone wp-image-5242 size-full\" src=\"https:\/\/www.larsphysant.com\/wp-content\/uploads\/2015\/11\/pdf2.png\" alt=\"pdf\" width=\"14\" height=\"17\"><\/a><\/li>\n<li><strong>Malene Birkelund<\/strong>, At male den rette f\u00f8lelse, Fyns Stiftstidende, January 2018&nbsp; <a ref=\"magnificPopup\" href=\"https:\/\/www.larsphysant.com\/wp-content\/uploads\/2018\/03\/At-male-den-rette-f\u00f8lelse.jpg\" target=\"_blank\" rel=\"noopener noreferrer\"><img loading=\"lazy\" decoding=\"async\" class=\"alignnone wp-image-5242 size-full\" src=\"https:\/\/www.larsphysant.com\/wp-content\/uploads\/2015\/11\/pdf2.png\" alt=\"pdf\" width=\"14\" height=\"17\"><\/a><\/li>\n<li><strong>Ernesto Alem\u00e1n<\/strong>, Los dibujos de Garc\u00eda Lorca me han influido much\u00edsimo, Granada Hoy, June 2014 &nbsp;<a href=\"https:\/\/www.larsphysant.com\/wp-content\/uploads\/2016\/07\/Press_2014_Granad-hoy_Los-dibujos-de-Garci\u0301a-Lorca-me-han-influido-muchi\u0301simo_ES.pdf\" target=\"_blank\" rel=\"noopener noreferrer\"><img loading=\"lazy\" decoding=\"async\" class=\"alignnone wp-image-5242 size-full\" src=\"https:\/\/www.larsphysant.com\/wp-content\/uploads\/2015\/11\/pdf2.png\" alt=\"pdf\" width=\"14\" height=\"17\"><\/a><\/li>\n<li><strong>G.S.,<\/strong>&nbsp; El Pintor&nbsp;Lars&nbsp;Physant recrea con su pintura el flujo de la vida a trav\u00e9s de la obra de Lorca ,&nbsp; Ideal de Granada,&nbsp; June 2014 &nbsp;<a href=\"https:\/\/www.larsphysant.com\/wp-content\/uploads\/2016\/07\/Press_2014_Ideal-de-Granada_El-pintor-Lars-Physant_ES.pdf\" target=\"_blank\" rel=\"noopener noreferrer\"><img loading=\"lazy\" decoding=\"async\" class=\"alignnone wp-image-5242 size-full\" src=\"https:\/\/www.larsphysant.com\/wp-content\/uploads\/2015\/11\/pdf2.png\" alt=\"pdf\" width=\"14\" height=\"17\"><\/a><\/li>\n<li><strong>Erik Jensen<\/strong>, Festens eufori v\u00e6kkes til live, Politiken, 15th September 2013 &nbsp;<a href=\"https:\/\/www.larsphysant.com\/wp-content\/uploads\/2016\/07\/Press_2013_Politiken_Festens-eufori-v\u00e6kkes-til-live_DA.pdf\" target=\"_blank\" rel=\"noopener noreferrer\"><img loading=\"lazy\" decoding=\"async\" class=\"alignnone wp-image-5242 size-full\" src=\"https:\/\/www.larsphysant.com\/wp-content\/uploads\/2015\/11\/pdf2.png\" alt=\"pdf\" width=\"14\" height=\"17\"><\/a><\/li>\n<li><strong>Vanessa Graell<\/strong>, Constelaci\u00f3n \u201clorquiana\u201d, El Mundo\/Tendencias, 20 junio 2013 &nbsp;<a href=\"https:\/\/www.larsphysant.com\/wp-content\/uploads\/2016\/07\/Press_2013_El-mundo_Constelacio\u0301n-lorquiana_ES.pdf\" target=\"_blank\" rel=\"noopener noreferrer\"><img loading=\"lazy\" decoding=\"async\" class=\"alignnone wp-image-5242 size-full\" src=\"https:\/\/www.larsphysant.com\/wp-content\/uploads\/2015\/11\/pdf2.png\" alt=\"pdf\" width=\"14\" height=\"17\"><\/a><\/li>\n<li><strong>Else Marie Bukdahl<\/strong>, \u201cDe krystallinske skift\u201d, Magasinet Kunst, June 2012<\/li>\n<li><strong>Rafael Argullol<\/strong>, \u201dReivindicar la puresa de la pintura\u201d, Bonart, June 2012 &nbsp;<a href=\"https:\/\/www.larsphysant.com\/wp-content\/uploads\/2016\/07\/Press_2012_Rafael-Argullol_Lars-Physant-reivindicar-la-puresa-de-la-pintura_CAT.pdf\" target=\"_blank\" rel=\"noopener noreferrer\"><img loading=\"lazy\" decoding=\"async\" class=\"alignnone wp-image-5242 size-full\" src=\"https:\/\/www.larsphysant.com\/wp-content\/uploads\/2015\/11\/pdf2.png\" alt=\"pdf\" width=\"14\" height=\"17\"><\/a><\/li>\n<li><strong>Vanessa Graell<\/strong>, \u201dEl mandala de la historia del arte\u201d -\u201cF\u00edsica introspectiva\u201d, El Mundo\/Tendencias, Junio 2012 &nbsp;<a href=\"https:\/\/www.larsphysant.com\/wp-content\/uploads\/2016\/07\/Press_2012_El-mundo_El-mandala-de-la-historia-del-arte_ES.pdf\" target=\"_blank\" rel=\"noopener noreferrer\"><img loading=\"lazy\" decoding=\"async\" class=\"alignnone wp-image-5242 size-full\" src=\"https:\/\/www.larsphysant.com\/wp-content\/uploads\/2015\/11\/pdf2.png\" alt=\"pdf\" width=\"14\" height=\"17\"><\/a><\/li>\n<li><strong>Vicen\u00e7 Altai\u00f3<\/strong>, \u201dRetaules de f\u00edsica i art\u201d, El Punt-Avui, March 2012 &nbsp;<a href=\"https:\/\/www.larsphysant.com\/wp-content\/uploads\/2016\/07\/Press_2012_El-Punt-Avui_Retaules-de-fi\u0301sica-i-art_CAT.pdf\" target=\"_blank\" rel=\"noopener noreferrer\"><img loading=\"lazy\" decoding=\"async\" class=\"alignnone wp-image-5242 size-full\" src=\"https:\/\/www.larsphysant.com\/wp-content\/uploads\/2015\/11\/pdf2.png\" alt=\"pdf\" width=\"14\" height=\"17\"><\/a><\/li>\n<li><strong>Chr. Shultz-Lorentzen<\/strong>, \u201dSanselig rodeorden\u201d, Nordjyske Stiftstidende, aug. 2011 &nbsp;<a href=\"https:\/\/www.larsphysant.com\/wp-content\/uploads\/2016\/07\/Press_2011_Nordjyske_Sanselig-rodeorden_DA.pdf\" target=\"_blank\" rel=\"noopener noreferrer\"><img loading=\"lazy\" decoding=\"async\" class=\"alignnone wp-image-5242 size-full\" src=\"https:\/\/www.larsphysant.com\/wp-content\/uploads\/2015\/11\/pdf2.png\" alt=\"pdf\" width=\"14\" height=\"17\"><\/a><\/li>\n<li><strong>Torben Weirup<\/strong>, \u201dCorner og kaos\u201d, Berlingske Tidende, feb. 2010<\/li>\n<li><strong>Trine Ross<\/strong>, \u201dCorner uden kant \u2013 men med nyt fast husly\u201d, Politiken, feb. 2010<\/li>\n<li><strong>Lisbeth Bonde<\/strong>, \u201dMomentets sk\u00f8nhed\u201d, Weekendavisen, nov. 2008 &nbsp;<a href=\"https:\/\/www.larsphysant.com\/wp-content\/uploads\/2016\/07\/Press_2008_Weekendavisen_Momentets-sk\u00f8nhed_DA.pdf\" target=\"_blank\" rel=\"noopener noreferrer\"><img loading=\"lazy\" decoding=\"async\" class=\"alignnone wp-image-5242 size-full\" src=\"https:\/\/www.larsphysant.com\/wp-content\/uploads\/2015\/11\/pdf2.png\" alt=\"pdf\" width=\"14\" height=\"17\"><\/a><\/li>\n<li><strong>Erik Moseg\u00e5rd Jensen<\/strong>, \u201dSynet og Tiden\u201d, Magasinet Kunst, nov. 2007<\/li>\n<li><strong>Alx Phillips<\/strong>, \u201cFocused on art\u201d, Barcelona Metropolitan, nov. 2006<\/li>\n<li><strong>Victor Fern\u00e1ndez<\/strong>, La Raz\u00f3n, july 2005<\/li>\n<li><strong>Josep M. Cadena<\/strong>, \u201cLa realidad calidosc\u00f3pica\u201d, El Peri\u00f3dico, july 2005<\/li>\n<li><strong>Albert Mercad\u00e9<\/strong>, \u201cEl tr\u00e0nsit de la llum\u201d, Bonart, july 2005<\/li>\n<li><strong>Anders Rou Jensen<\/strong>, \u201cDj\u00e6vlebl\u00e6ndt\u201d, Politiken, oct. 2004<\/li>\n<li><strong>Tom J\u00f8rgensen<\/strong>, \u201cEn moderne altertavle\u201d, Kunstavisen, jan. 2003<\/li>\n<li><strong>Thomas Harder<\/strong>, \u201cRom i sm\u00e5 detaljer\u201d, Politiken, juny 2003<\/li>\n<li><strong>J\u00f8rn Holm Pedersen<\/strong>, \u201cAvantgarden ligger i det figurative\u201d, Kunstavisen, dec. 2003<\/li>\n<li><strong>Lars Ole Knippel<\/strong>, \u201cAltertavle efter nulevende modeller\u201d, Jyllands-Posten, dec. 2002<\/li>\n<li><strong>Marie Tetzlaff<\/strong>, \u201cPsykologisk realisme p\u00e5 altertavlen\u201d, Politiken, dec. 2002<\/li>\n<li><strong>Erik Moseg\u00e5rd Jensen<\/strong>, \u201cHvad er virkeligt?\u201d, Kunstavisen, marts 1999<\/li>\n<li><strong>Karsten R.S. Ifverse<\/strong>n, Politiken, marts 1999<\/li>\n<li><strong>Janus K\u00f8ster-Rasmussen<\/strong>, \u201cVirkeligheden lag p\u00e5 lag\u201d, Politiken, aug. 1997<\/li>\n<li><strong>Alex Steen<\/strong>, Ekstra Bladet, may 1995<\/li>\n<li><strong>Peter Michael Hornung<\/strong>, Bryg, nov.1994<\/li>\n<li><strong>Peter Eriksen<\/strong>, Fyns Stiftstidende, marts 1989\u2022 Preben Hygum, Information, jan 1987<\/li>\n<li><strong>Alex Steen<\/strong>, Kunstavisen nr.2, 1987<\/li>\n<\/ul>\n<\/div> <\/div> <\/div><\/div><\/div><\/section><section class=\"l-section wpb_row height_medium\"><div class=\"l-section-h i-cf\"><div class=\"g-cols offset_small\"><div class=\" full-width\"><\/div><\/div><\/div><\/section>\n","protected":false},"excerpt":{"rendered":"Antoni Ribas Tur, Un retratista reial a l\u2019Eixample, ARA Barcelona, 2024 Inge Schj\u00f8dt, Nationalmuseets ansigter, Kunstavisen 2022 Inge Schj\u00f8dt, Det Kontrapuktiske Portr\u00e6t, Kunstavisen 2021 Trine Larsen, Det er en \u00e6re,...","protected":false},"author":1,"featured_media":0,"parent":0,"menu_order":0,"comment_status":"closed","ping_status":"closed","template":"","meta":{"ngg_post_thumbnail":0,"footnotes":""},"class_list":["post-5755","page","type-page","status-publish","hentry"],"_links":{"self":[{"href":"https:\/\/www.larsphysant.com\/da\/wp-json\/wp\/v2\/pages\/5755","targetHints":{"allow":["GET"]}}],"collection":[{"href":"https:\/\/www.larsphysant.com\/da\/wp-json\/wp\/v2\/pages"}],"about":[{"href":"https:\/\/www.larsphysant.com\/da\/wp-json\/wp\/v2\/types\/page"}],"author":[{"embeddable":true,"href":"https:\/\/www.larsphysant.com\/da\/wp-json\/wp\/v2\/users\/1"}],"replies":[{"embeddable":true,"href":"https:\/\/www.larsphysant.com\/da\/wp-json\/wp\/v2\/comments?post=5755"}],"version-history":[{"count":8,"href":"https:\/\/www.larsphysant.com\/da\/wp-json\/wp\/v2\/pages\/5755\/revisions"}],"predecessor-version":[{"id":12255,"href":"https:\/\/www.larsphysant.com\/da\/wp-json\/wp\/v2\/pages\/5755\/revisions\/12255"}],"wp:attachment":[{"href":"https:\/\/www.larsphysant.com\/da\/wp-json\/wp\/v2\/media?parent=5755"}],"curies":[{"name":"wp","href":"https:\/\/api.w.org\/{rel}","templated":true}]}}