{"id":7327,"date":"2016-02-03T22:32:01","date_gmt":"2016-02-03T22:32:01","guid":{"rendered":"https:\/\/www.larsphysant.com\/da\/aviso-legal\/"},"modified":"2016-05-13T19:38:31","modified_gmt":"2016-05-13T19:38:31","slug":"aviso-legal","status":"publish","type":"page","link":"https:\/\/www.larsphysant.com\/da\/aviso-legal\/","title":{"rendered":"Aviso legal"},"content":{"rendered":"<section class=\"l-section wpb_row height_medium\"><div class=\"l-section-h i-cf\"><div class=\"g-cols offset_small\"><div class=\" full-width\"><div class=\"wpb_text_column \"><div class=\"wpb_wrapper\">\n<h3>CONDICIONES DE USO<\/h3>\n<p>En cumplimiento de la Ley 34\/2002, de 11 de julio, de servicios de la sociedad de la informaci\u00f3n y de comercio electr\u00f3nico (desde ahora LSSI), LARS PHYSANT\u00a0le informa de que es titular de la web www.larsphysant.com, y de conformidad con lo previsto en el art\u00edculo 10 de la citada Ley, sus datos son los siguientes: el titular de esta p\u00e1gina web es LARS PHYSANT\u00a0(desde ahora EL TITULAR), con N.I.E. X2658677S y domicilio profesional en la calle\u00a0en la Rambla de\u00a0Catalunya, n\u00ba 36 5\u00ba, de 08007 &#8211; Barcelona.\u00a0Para contactar con la empresa se podr\u00e1 llamar al 696936511, y la direcci\u00f3n de correo electr\u00f3nico de contacto es <a href=\"mailto:larsphysant@larsphysant.com\" target=\"_blank\">larsphysant@larsphysant.com<\/a>.<\/p>\n<h3>USUARIO Y R\u00c9GIMEN DE RESPONSABILIDADES<\/h3>\n<p>La navegaci\u00f3n, acceso y uso por la web de EL TITULAR confiere la condici\u00f3n de usuario, por la que se aceptan, desde la navegaci\u00f3n por la p\u00e1gina de EL TITULAR, todas las condiciones de uso aqu\u00ed establecidas sin perjuicio de la aplicaci\u00f3n de la correspondiente normativa de obligado cumplimiento legal.<br \/>\nLa p\u00e1gina web de EL TITULAR proporciona diversidad de informaci\u00f3n, servicios y datos. En todo caso el usuario asume su responsabilidad en el uso correcto de la web. Esta responsabilidad se extender\u00e1 en particular al uso de la informaci\u00f3n, servicios y datos ofrecidos por EL TITULAR contrariamente a lo dispuesto por las presentes condiciones, la LSSI y dem\u00e1s normas de pertinente aplicaci\u00f3n, o que de cualquier otro modo puedan suponer lesi\u00f3n de los derechos de terceros o del mismo funcionamiento de la web.<\/p>\n<h3>POL\u00cdTICA DE ENLACES Y EXENCIONES DE RESPONSABILIDAD<\/h3>\n<p>EL TITULAR no se hace responsable del contenido de las p\u00e1ginas web a las que el usuario pueda acceder a trav\u00e9s de los enlaces establecidos en su website y declara que en ning\u00fan caso proceder\u00e1 a examinar o ejercitar ning\u00fan tipo de control sobre el contenido de otras p\u00e1ginas de la red. Asimismo, tampoco garantizar\u00e1 la disponibilidad t\u00e9cnica, exactitud, veracidad, validez o legalidad de p\u00e1ginas ajenas a su propiedad a las que se pueda acceder por medio de los enlaces.<br \/>\nEL TITULAR declara haber adoptado todas las medidas necesarias para evitar cualesquiera da\u00f1os que, a los usuarios de su website, pudieran derivarse de la navegaci\u00f3n por su p\u00e1gina web. En consecuencia, EL TITULAR no se hace responsable, en ning\u00fan caso, de los eventuales da\u00f1os que por la navegaci\u00f3n por Internet pudiera sufrir el usuario, todo seg\u00fan lo previsto en el art. 17 de la LSSI.<\/p>\n<h3>MODIFICACIONES<\/h3>\n<p>EL TITULAR se reserva la facultad de efectuar, en cualquier momento y sin necesidad de previo aviso, modificaciones y actualizaciones de la informaci\u00f3n contenida en la web, de la configuraci\u00f3n, disponibilidad y presentaci\u00f3n de \u00e9sta.<br \/>\nEn particular EL TITULAR se reserva el derecho a realizar las modificaciones que considere oportunas, sin aviso previo, en el contenido de su web, y tanto en lo referente al contenido de su web, como en las condiciones de uso de la misma. Dichas modificaciones podr\u00e1n realizarse, a trav\u00e9s de su web, de cualquier forma admisible en derecho y ser\u00e1n de obligado cumplimiento durante el tiempo en que se encuentren publicadas en la web y hasta que no sean modificadas v\u00e1lidamente por otras posteriores.<\/p>\n<h3>RESERVA DE COOKIES<\/h3>\n<p>EL TITULAR se reserva el derecho de utilizar cookies en la navegaci\u00f3n del usuario por su web para facilitar la personalizaci\u00f3n y comodidad de la navegaci\u00f3n. Siguiendo la pol\u00edtica de protecci\u00f3n de datos de la empresa, EL TITULAR les informa que las cookies se asocian al usuario an\u00f3nimo y a su ordenador, y no proporcionan por s\u00ed el nombre y apellidos del usuario. El usuario tiene la posibilidad de configurar su navegador de modo que se le informe de la recepci\u00f3n de cookies, pudiendo, si as\u00ed lo desea, impedir que sean instaladas en su disco duro. De todas formas para el acceso a la webwww.larsphysant.com no ser\u00e1 preceptiva la instalaci\u00f3n de cookies.<\/p>\n<h3>PROTECCI\u00d3N DE DATOS<\/h3>\n<p>Al navegar por estas p\u00e1ginas, de forma autom\u00e1tica el usuario facilita al servidor de la web informaci\u00f3n relativa a su direcci\u00f3n IP (identificador \u00fanico para la transmisi\u00f3n de paquetes entre ordenadores conectados a Internet), fecha y hora de acceso, el hiperv\u00ednculo que le ha reenviado a \u00e9stas, su sistema operativo y el navegador utilizado. Sin perjuicio de que la Agencia Espa\u00f1ola de Protecci\u00f3n de Datos (en adelante, AGPD) considera la IP como dato de car\u00e1cter personal, EL TITULAR no puede obtener por si s\u00f3lo, ni tiene intenci\u00f3n de hacerlo a menos que se le cause alg\u00fan perjuicio, informaci\u00f3n alguna acerca del titular de la conexi\u00f3n a Internet a la que corresponde. Estos datos ser\u00e1n guardados y utilizados \u00fanicamente para el control y realizaci\u00f3n de estad\u00edsticas de acceso y visitas a la web, y en ning\u00fan caso ser\u00e1n comunicados o cedidos a terceros.<\/p>\n<p>En caso de que el usuario establezca alg\u00fan tipo de comunicaci\u00f3n con EL TITULAR, ya sea por tel\u00e9fono, fax, correo ordinario o electr\u00f3nico, sus datos ser\u00e1n guardados e incluidos en un fichero propiedad de EL TITULAR, con la \u00fanica finalidad de atender a su sugerencia o queja, informar u otros. Fuera de los casos legalmente establecidos, sus datos no ser\u00e1n comunicados ni cedidos a terceros sin su consentimiento expreso. Dicho fichero se encuentra convenientemente inscrito en el Registro General de la AEPD y sobre \u00e9l se aplican las medidas t\u00e9cnicas, legales y organizativas establecidas en la normativa sobre protecci\u00f3n de datos de car\u00e1cter personal para evitar cualquier acceso, alteraci\u00f3n, p\u00e9rdida o tratamiento no autorizados.<\/p>\n<p>El usuario tiene derecho a acceder a dicho fichero para consultar sus datos, rectificarlos o cancelarlos, as\u00ed como a oponerse a todo tratamiento respecto de los mismos, con las excepciones y l\u00edmites establecidos en la legislaci\u00f3n aplicable. En caso de que desee ejercer dichos derechos, dirija a EL TITULAR una solicitud firmada a la direcci\u00f3n sucesivamente indicada, acompa\u00f1ando fotocopia de su D.N.I. o documento equivalente. En el sitio web de la AEPD tiene a su disposici\u00f3n modelos de formularios y m\u00e1s informaci\u00f3n al respecto.<\/p>\n<p>As\u00ed mismo, EL TITULAR informa de la posibilidad de ejercer los derechos de acceso, cancelaci\u00f3n, rectificaci\u00f3n y oposici\u00f3n mediante un escrito a la direcci\u00f3n calle Rambla de Catalunya, 36 5\u00ba, de 08007, o por mail a la direcci\u00f3n larsphysant@larsphysant.com.<br \/>\nMientras no se comunique lo contrario por el usuario, entenderemos que sus datos no han sido modificados, y que el usuario se compromete a notificar cualquier variaci\u00f3n.<br \/>\nEL TITULAR invita el usuario a leer la pol\u00edtica de privacidad de la web <a href=\"http:\/\/politica-de-cookies\/\">aqu\u00ed<\/a>.<\/p>\n<h3>PROPIEDAD INTELECTUAL<\/h3>\n<p>Los contenidos de esta web, incluyendo, entre otros, im\u00e1genes, logotipos, gr\u00e1ficos, animaciones, textos o aplicaciones inform\u00e1ticas, cualesquiera que sea su formato, lenguaje de programaci\u00f3n y forma de representaci\u00f3n, as\u00ed como el nombre de dominio www.larsphysant.com son propiedad de EL TITULAR, o bien ha adquirido los correspondientes derechos de sus propietarios, y est\u00e1n protegidos por las leyes y tratados internacionales en materia de propiedad intelectual y, en su caso, industrial, as\u00ed como por la normativa reguladora de los nombres de dominio.<\/p>\n<p>Se permite la utilizaci\u00f3n o reproducci\u00f3n, total o parcial, sin \u00e1nimo de lucro, de sus contenidos siempre que se haga constar la fuente y se incluya un hiperv\u00ednculo a esta web, y en los casos permitidos en los art\u00edculos 31 a 34 de la Ley de Propiedad Intelectual (Real Decreto Legislativo 1\/1996, de 12 de abril). Queda prohibido el uso de marcos (frames) o cualesquiera otros mecanismos destinados a ocultar el origen o fuente de los contenidos, cualquier uso, transformaci\u00f3n o explotaci\u00f3n de los mismos con finalidades comerciales, promocionales o contrarias a la ley, moral u orden p\u00fablico, que pudiera lesionar los intereses o perjudicar la imagen del Titular o de terceros leg\u00edtimos, que constituyan competencia desleal o, en general, en contra de lo dispuesto en este documento.<\/p>\n<h3>RESPONSABILIDAD<\/h3>\n<p>EL TITULAR no garantiza la fiabilidad, disponibilidad o continuidad de este sitio web ni de sus contenidos por motivos t\u00e9cnicos, de seguridad, control o mantenimiento del servicio, por fallos debidos al servidor que aloja los contenidos o de otros intermediarios o proveedores, por ataques contra el sistema inform\u00e1tico, ni por cualesquiera otros motivos que se deriven de causas que escapen a su control, por lo que rechaza cualquier responsabilidad, directa o indirecta, por los mismos.[:en]<\/div> <\/div> <\/div><\/div><\/div><\/section><section class=\"l-section wpb_row height_medium\"><div class=\"l-section-h i-cf\"><div class=\"g-cols offset_small\"><div class=\" full-width\"><div class=\"wpb_text_column \"><div class=\"wpb_wrapper\"><p>CONDICIONES DE USO<br \/>\nEn cumplimiento de la Ley 34\/2002, de 11 de julio, de servicios de la sociedad de la informaci\u00f3n y de comercio electr\u00f3nico (desde ahora LSSI), LARS PHYSANT\u00a0le informa de que es titular de la web www.larsphysant.com, y de conformidad con lo previsto en el art\u00edculo 10 de la citada Ley, sus datos son los siguientes: el titular de esta p\u00e1gina web es LARS PHYSANT\u00a0(desde ahora EL TITULAR), con N.I.E. X2658677S y domicilio profesional en la\u00a0en la Rambla de\u00a0Catalunya, n\u00ba 36 5\u00ba, de 08007 &#8211; Barcelona.\u00a0<span style=\"line-height: 1.5\">Para contactar con la empresa se podr\u00e1 llamar al 696936511,\u00a0y la direcci\u00f3n de correo electr\u00f3nico de contacto es larsphysant@larsphysant.com.<\/span><\/p>\n<h3>USUARIO Y R\u00c9GIMEN DE RESPONSABILIDADES<\/h3>\n<p>La navegaci\u00f3n, acceso y uso por la web de EL TITULAR confiere la condici\u00f3n de usuario, por la que se aceptan, desde la navegaci\u00f3n por la p\u00e1gina de EL TITULAR, todas las condiciones de uso aqu\u00ed establecidas sin perjuicio de la aplicaci\u00f3n de la correspondiente normativa de obligado cumplimiento legal.<br \/>\nLa p\u00e1gina web de EL TITULAR proporciona diversidad de informaci\u00f3n, servicios y datos. En todo caso el usuario asume su responsabilidad en el uso correcto de la web. Esta responsabilidad se extender\u00e1 en particular al uso de la informaci\u00f3n, servicios y datos ofrecidos por EL TITULAR contrariamente a lo dispuesto por las presentes condiciones, la LSSI y dem\u00e1s normas de pertinente aplicaci\u00f3n, o que de cualquier otro modo puedan suponer lesi\u00f3n de los derechos de terceros o del mismo funcionamiento de la web.<\/p>\n<h3>POL\u00cdTICA DE ENLACES Y EXENCIONES DE RESPONSABILIDAD<\/h3>\n<p>EL TITULAR no se hace responsable del contenido de las p\u00e1ginas web a las que el usuario pueda acceder a trav\u00e9s de los enlaces establecidos en su website y declara que en ning\u00fan caso proceder\u00e1 a examinar o ejercitar ning\u00fan tipo de control sobre el contenido de otras p\u00e1ginas de la red. Asimismo, tampoco garantizar\u00e1 la disponibilidad t\u00e9cnica, exactitud, veracidad, validez o legalidad de p\u00e1ginas ajenas a su propiedad a las que se pueda acceder por medio de los enlaces.<br \/>\nEL TITULAR declara haber adoptado todas las medidas necesarias para evitar cualesquiera da\u00f1os que, a los usuarios de su website, pudieran derivarse de la navegaci\u00f3n por su p\u00e1gina web. En consecuencia, EL TITULAR no se hace responsable, en ning\u00fan caso, de los eventuales da\u00f1os que por la navegaci\u00f3n por Internet pudiera sufrir el usuario, todo seg\u00fan lo previsto en el art. 17 de la LSSI.<\/p>\n<h3>MODIFICACIONES<\/h3>\n<p>EL TITULAR se reserva la facultad de efectuar, en cualquier momento y sin necesidad de previo aviso, modificaciones y actualizaciones de la informaci\u00f3n contenida en la web, de la configuraci\u00f3n, disponibilidad y presentaci\u00f3n de \u00e9sta.<\/p>\n<p>En particular EL TITULAR se reserva el derecho a realizar las modificaciones que considere oportunas, sin aviso previo, en el contenido de su web, y tanto en lo referente al contenido de su web, como en las condiciones de uso de la misma. Dichas modificaciones podr\u00e1n realizarse, a trav\u00e9s de su web, de cualquier forma admisible en derecho y ser\u00e1n de obligado cumplimiento durante el tiempo en que se encuentren publicadas en la web y hasta que no sean modificadas v\u00e1lidamente por otras posteriores.<\/p>\n<h3>RESERVA DE COOKIES<\/h3>\n<p>EL TITULAR se reserva el derecho de utilizar cookies en la navegaci\u00f3n del usuario por su web para facilitar la personalizaci\u00f3n y comodidad de la navegaci\u00f3n. Siguiendo la pol\u00edtica de protecci\u00f3n de datos de la empresa, EL TITULAR les informa que las cookies se asocian al usuario an\u00f3nimo y a su ordenador, y no proporcionan por s\u00ed el nombre y apellidos del usuario. El usuario tiene la posibilidad de configurar su navegador de modo que se le informe de la recepci\u00f3n de cookies, pudiendo, si as\u00ed lo desea, impedir que sean instaladas en su disco duro. De todas formas para el acceso a la webwww.larsphysant.com no ser\u00e1 preceptiva la instalaci\u00f3n de cookies.<\/p>\n<h3>PROTECCI\u00d3N DE DATOS<\/h3>\n<p>Al navegar por estas p\u00e1ginas, de forma autom\u00e1tica el usuario facilita al servidor de la web informaci\u00f3n relativa a su direcci\u00f3n IP (identificador \u00fanico para la transmisi\u00f3n de paquetes entre ordenadores conectados a Internet), fecha y hora de acceso, el hiperv\u00ednculo que le ha reenviado a \u00e9stas, su sistema operativo y el navegador utilizado. Sin perjuicio de que la Agencia Espa\u00f1ola de Protecci\u00f3n de Datos (en adelante, AGPD) considera la IP como dato de car\u00e1cter personal, EL TITULAR no puede obtener por si s\u00f3lo, ni tiene intenci\u00f3n de hacerlo a menos que se le cause alg\u00fan perjuicio, informaci\u00f3n alguna acerca del titular de la conexi\u00f3n a Internet a la que corresponde. Estos datos ser\u00e1n guardados y utilizados \u00fanicamente para el control y realizaci\u00f3n de estad\u00edsticas de acceso y visitas a la web, y en ning\u00fan caso ser\u00e1n comunicados o cedidos a terceros.<\/p>\n<p>En caso de que el usuario establezca alg\u00fan tipo de comunicaci\u00f3n con EL TITULAR, ya sea por tel\u00e9fono, fax, correo ordinario o electr\u00f3nico, sus datos ser\u00e1n guardados e incluidos en un fichero propiedad de EL TITULAR, con la \u00fanica finalidad de atender a su sugerencia o queja, informar u otros. Fuera de los casos legalmente establecidos, sus datos no ser\u00e1n comunicados ni cedidos a terceros sin su consentimiento expreso. Dicho fichero se encuentra convenientemente inscrito en el Registro General de la AEPD y sobre \u00e9l se aplican las medidas t\u00e9cnicas, legales y organizativas establecidas en la normativa sobre protecci\u00f3n de datos de car\u00e1cter personal para evitar cualquier acceso, alteraci\u00f3n, p\u00e9rdida o tratamiento no autorizados.<\/p>\n<p>El usuario tiene derecho a acceder a dicho fichero para consultar sus datos, rectificarlos o cancelarlos, as\u00ed como a oponerse a todo tratamiento respecto de los mismos, con las excepciones y l\u00edmites establecidos en la legislaci\u00f3n aplicable. En caso de que desee ejercer dichos derechos, dirija a EL TITULAR una solicitud firmada a la direcci\u00f3n sucesivamente indicada, acompa\u00f1ando fotocopia de su D.N.I. o documento equivalente. En el sitio web de la AEPD tiene a su disposici\u00f3n modelos de formularios y m\u00e1s informaci\u00f3n al respecto.<\/p>\n<p>As\u00ed mismo, EL TITULAR informa de la posibilidad de ejercer los derechos de acceso, cancelaci\u00f3n, rectificaci\u00f3n y oposici\u00f3n mediante un escrito a la direcci\u00f3n calle Rambla de Catalunya, 36 5\u00ba, de 08007 &#8211; Barcelona, o por mail a la direcci\u00f3n larsphysant@larsphysant.com.<br \/>\nMientras no se comunique lo contrario por el usuario, entenderemos que sus datos no han sido modificados, y que el usuario se compromete a notificar cualquier variaci\u00f3n.<br \/>\nEL TITULAR invita el usuario a leer la pol\u00edtica de privacidad de la web <a href=\"http:\/\/politica-de-cookies\/\">aqu\u00ed<\/a>.<\/p>\n<h3>PROPIEDAD INTELECTUAL<\/h3>\n<p>Los contenidos de esta web, incluyendo, entre otros, im\u00e1genes, logotipos, gr\u00e1ficos, animaciones, textos o aplicaciones inform\u00e1ticas, cualesquiera que sea su formato, lenguaje de programaci\u00f3n y forma de representaci\u00f3n, as\u00ed como el nombre de dominio www.larsphysant.com son propiedad de EL TITULAR, o bien ha adquirido los correspondientes derechos de sus propietarios, y est\u00e1n protegidos por las leyes y tratados internacionales en materia de propiedad intelectual y, en su caso, industrial, as\u00ed como por la normativa reguladora de los nombres de dominio.<\/p>\n<p>Se permite la utilizaci\u00f3n o reproducci\u00f3n, total o parcial, sin \u00e1nimo de lucro, de sus contenidos siempre que se haga constar la fuente y se incluya un hiperv\u00ednculo a esta web, y en los casos permitidos en los art\u00edculos 31 a 34 de la Ley de Propiedad Intelectual (Real Decreto Legislativo 1\/1996, de 12 de abril). Queda prohibido el uso de marcos (frames) o cualesquiera otros mecanismos destinados a ocultar el origen o fuente de los contenidos, cualquier uso, transformaci\u00f3n o explotaci\u00f3n de los mismos con finalidades comerciales, promocionales o contrarias a la ley, moral u orden p\u00fablico, que pudiera lesionar los intereses o perjudicar la imagen del Titular o de terceros leg\u00edtimos, que constituyan competencia desleal o, en general, en contra de lo dispuesto en este documento.<\/p>\n<h3>RESPONSABILIDAD<\/h3>\n<p>EL TITULAR no garantiza la fiabilidad, disponibilidad o continuidad de este sitio web ni de sus contenidos por motivos t\u00e9cnicos, de seguridad, control o mantenimiento del servicio, por fallos debidos al servidor que aloja los contenidos o de otros intermediarios o proveedores, por ataques contra el sistema inform\u00e1tico, ni por cualesquiera otros motivos que se deriven de causas que escapen a su control, por lo que rechaza cualquier responsabilidad, directa o indirecta, por los mismos.<\/p><\/div> <\/div> <\/div><\/div><\/div><\/section><section class=\"l-section wpb_row height_medium\"><div class=\"l-section-h i-cf\"><div class=\"g-cols offset_small\"><div class=\" full-width\"><div class=\"wpb_text_column \"><div class=\"wpb_wrapper\"><p><\/p><\/div> <\/div> <\/div><\/div><\/div><\/section>\n","protected":false},"excerpt":{"rendered":"CONDICIONES DE USO En cumplimiento de la Ley 34\/2002, de 11 de julio, de servicios de la sociedad de la informaci\u00f3n y de comercio electr\u00f3nico (desde ahora LSSI), LARS PHYSANT\u00a0le...","protected":false},"author":1,"featured_media":0,"parent":0,"menu_order":0,"comment_status":"closed","ping_status":"closed","template":"","meta":{"ngg_post_thumbnail":0,"footnotes":""},"class_list":["post-7327","page","type-page","status-publish","hentry"],"_links":{"self":[{"href":"https:\/\/www.larsphysant.com\/da\/wp-json\/wp\/v2\/pages\/7327","targetHints":{"allow":["GET"]}}],"collection":[{"href":"https:\/\/www.larsphysant.com\/da\/wp-json\/wp\/v2\/pages"}],"about":[{"href":"https:\/\/www.larsphysant.com\/da\/wp-json\/wp\/v2\/types\/page"}],"author":[{"embeddable":true,"href":"https:\/\/www.larsphysant.com\/da\/wp-json\/wp\/v2\/users\/1"}],"replies":[{"embeddable":true,"href":"https:\/\/www.larsphysant.com\/da\/wp-json\/wp\/v2\/comments?post=7327"}],"version-history":[{"count":3,"href":"https:\/\/www.larsphysant.com\/da\/wp-json\/wp\/v2\/pages\/7327\/revisions"}],"predecessor-version":[{"id":7845,"href":"https:\/\/www.larsphysant.com\/da\/wp-json\/wp\/v2\/pages\/7327\/revisions\/7845"}],"wp:attachment":[{"href":"https:\/\/www.larsphysant.com\/da\/wp-json\/wp\/v2\/media?parent=7327"}],"curies":[{"name":"wp","href":"https:\/\/api.w.org\/{rel}","templated":true}]}}