{"id":9918,"date":"2018-03-11T16:11:38","date_gmt":"2018-03-11T16:11:38","guid":{"rendered":"https:\/\/www.larsphysant.com\/da\/?page_id=9918"},"modified":"2018-03-14T14:04:45","modified_gmt":"2018-03-14T14:04:45","slug":"temperaments","status":"publish","type":"page","link":"https:\/\/www.larsphysant.com\/da\/temperaments\/","title":{"rendered":"De fire temperamenter"},"content":{"rendered":"<section class=\"l-section wpb_row height_medium\"><div class=\"l-section-h i-cf\"><div class=\"g-cols offset_small\"><div class=\" full-width\"><div class=\"wpb_text_column \"><div class=\"wpb_wrapper\"><p>TEXT &#8211; INTRO TO TEMPERAMENTS.<a href=\"https:\/\/www.larsphysant.com\"> LINK TO ARTICLE.<\/a><\/p><\/div> <\/div> <\/div><\/div><\/div><\/section><section class=\"l-section wpb_row height_medium\"><div class=\"l-section-h i-cf\"><div class=\"g-cols offset_small\"><div class=\" full-width\"><div class=\"wpb_text_column \"><div class=\"wpb_wrapper\">\n<p style=\"text-align: center;\"><strong>Carl Nielsens 2. Symfoni opus 16 &#8211;\u00a0 DE FIRE TEMPERAMENTER<\/strong><\/p>\n<p style=\"text-align: center;\">F\u00f8rste sats: Allegro collerico \u00a0 \u00a0\u00a0 &#8211; \u00a0 Anden sats: Andante comodo e flemmatico \u00a0\u00a0 &#8211;\u00a0\u00a0\u00a0 Tredje sats: Andante malincolico \u00a0 &#8211; \u00a0 \u00a0\u00a0 Fjerde sats: Allegro sangu\u00edneo<\/p>\n<\/div> <\/div> <\/div><\/div><\/div><\/section><section class=\"l-section wpb_row height_medium\"><div class=\"l-section-h i-cf\"><div class=\"g-cols offset_small\"><div class=\" one-quarter\"><div class=\"w-image \"><a href=\"https:\/\/www.larsphysant.com\/da\/obras\/9979\/\" title=\"\" target=\"\" rel=\"\"><img loading=\"lazy\" decoding=\"async\" width=\"600\" height=\"766\" src=\"https:\/\/www.larsphysant.com\/wp-content\/uploads\/2018\/03\/Lindhardt_yellow1-600x766.jpg\" class=\"attachment-tnail-masonry size-tnail-masonry\" alt=\"\" srcset=\"https:\/\/www.larsphysant.com\/wp-content\/uploads\/2018\/03\/Lindhardt_yellow1-600x766.jpg 600w, https:\/\/www.larsphysant.com\/wp-content\/uploads\/2018\/03\/Lindhardt_yellow1-235x300.jpg 235w, https:\/\/www.larsphysant.com\/wp-content\/uploads\/2018\/03\/Lindhardt_yellow1-802x1024.jpg 802w\" sizes=\"auto, (max-width: 600px) 100vw, 600px\" \/><\/a><\/div><\/div><div class=\" one-quarter\"><div class=\"w-image \"><a href=\"https:\/\/www.larsphysant.com\/da\/obras\/anden-sats-andante-comodo-e-flemmatico-biskop-tine-lindhardt-2017\/\" title=\"\" target=\"\" rel=\"\"><img loading=\"lazy\" decoding=\"async\" width=\"600\" height=\"760\" src=\"https:\/\/www.larsphysant.com\/wp-content\/uploads\/2018\/03\/Lindhardt_green-600x760.jpg\" class=\"attachment-tnail-masonry size-tnail-masonry\" alt=\"\" srcset=\"https:\/\/www.larsphysant.com\/wp-content\/uploads\/2018\/03\/Lindhardt_green-600x760.jpg 600w, https:\/\/www.larsphysant.com\/wp-content\/uploads\/2018\/03\/Lindhardt_green-237x300.jpg 237w, https:\/\/www.larsphysant.com\/wp-content\/uploads\/2018\/03\/Lindhardt_green-809x1024.jpg 809w\" sizes=\"auto, (max-width: 600px) 100vw, 600px\" \/><\/a><\/div><\/div><div class=\" one-quarter\"><div class=\"w-image \"><a href=\"https:\/\/www.larsphysant.com\/da\/obras\/tredje-sats-andante-malincolico-tine-lindhardt-2017\/\" title=\"\" target=\"\" rel=\"\"><img loading=\"lazy\" decoding=\"async\" width=\"600\" height=\"764\" src=\"https:\/\/www.larsphysant.com\/wp-content\/uploads\/2018\/03\/Lindhardt_blue-600x764.jpg\" class=\"attachment-tnail-masonry size-tnail-masonry\" alt=\"\" srcset=\"https:\/\/www.larsphysant.com\/wp-content\/uploads\/2018\/03\/Lindhardt_blue-600x764.jpg 600w, https:\/\/www.larsphysant.com\/wp-content\/uploads\/2018\/03\/Lindhardt_blue-236x300.jpg 236w, https:\/\/www.larsphysant.com\/wp-content\/uploads\/2018\/03\/Lindhardt_blue-804x1024.jpg 804w\" sizes=\"auto, (max-width: 600px) 100vw, 600px\" \/><\/a><\/div><\/div><div class=\" one-quarter\"><div class=\"w-image \"><a href=\"https:\/\/www.larsphysant.com\/da\/obras\/fjerde-sats-allegro-sanguineo-biskop-tine-lindhardt-2017\/\" title=\"\" target=\"\" rel=\"\"><img loading=\"lazy\" decoding=\"async\" width=\"600\" height=\"757\" src=\"https:\/\/www.larsphysant.com\/wp-content\/uploads\/2018\/03\/Lindhardt_red-600x757.jpg\" class=\"attachment-tnail-masonry size-tnail-masonry\" alt=\"\" srcset=\"https:\/\/www.larsphysant.com\/wp-content\/uploads\/2018\/03\/Lindhardt_red-600x757.jpg 600w, https:\/\/www.larsphysant.com\/wp-content\/uploads\/2018\/03\/Lindhardt_red-238x300.jpg 238w, https:\/\/www.larsphysant.com\/wp-content\/uploads\/2018\/03\/Lindhardt_red-812x1024.jpg 812w\" sizes=\"auto, (max-width: 600px) 100vw, 600px\" \/><\/a><\/div><\/div><\/div><\/div><\/section><section class=\"l-section wpb_row height_medium\"><div class=\"l-section-h i-cf\"><div class=\"g-cols offset_small\"><div class=\" full-width\"><div class=\"wpb_text_column  vc_custom_1520972573030\"><div class=\"wpb_wrapper\">\n<p style=\"text-align: center;\">Saltet og lyset \/ The Salt and the Light. Tine Lindhardt, 2017<\/p>\n<\/div> <\/div> <\/div><\/div><\/div><\/section><section class=\"l-section wpb_row height_medium\"><div class=\"l-section-h i-cf\"><div class=\"g-cols offset_small\"><div class=\" one-quarter\"><div class=\"w-image \"><a href=\"https:\/\/www.larsphysant.com\/da\/obras\/10008\/\" title=\"\" target=\"\" rel=\"\"><img loading=\"lazy\" decoding=\"async\" width=\"799\" height=\"1024\" src=\"https:\/\/www.larsphysant.com\/wp-content\/uploads\/2018\/03\/Argullol_yellow1-799x1024.jpg\" class=\"attachment-large size-large\" alt=\"\" srcset=\"https:\/\/www.larsphysant.com\/wp-content\/uploads\/2018\/03\/Argullol_yellow1-799x1024.jpg 799w, https:\/\/www.larsphysant.com\/wp-content\/uploads\/2018\/03\/Argullol_yellow1-234x300.jpg 234w, https:\/\/www.larsphysant.com\/wp-content\/uploads\/2018\/03\/Argullol_yellow1-600x769.jpg 600w\" sizes=\"auto, (max-width: 799px) 100vw, 799px\" \/><\/a><\/div><\/div><div class=\" one-quarter\"><div class=\"w-image \"><a href=\"https:\/\/www.larsphysant.com\/da\/obras\/10015\/\" title=\"\" target=\"\" rel=\"\"><img loading=\"lazy\" decoding=\"async\" width=\"809\" height=\"1024\" src=\"https:\/\/www.larsphysant.com\/wp-content\/uploads\/2018\/03\/Argullol_green1-809x1024.jpg\" class=\"attachment-large size-large\" alt=\"\" srcset=\"https:\/\/www.larsphysant.com\/wp-content\/uploads\/2018\/03\/Argullol_green1-809x1024.jpg 809w, https:\/\/www.larsphysant.com\/wp-content\/uploads\/2018\/03\/Argullol_green1-237x300.jpg 237w, https:\/\/www.larsphysant.com\/wp-content\/uploads\/2018\/03\/Argullol_green1-600x760.jpg 600w\" sizes=\"auto, (max-width: 809px) 100vw, 809px\" \/><\/a><\/div><\/div><div class=\" one-quarter\"><div class=\"w-image \"><a href=\"https:\/\/www.larsphysant.com\/da\/obras\/tredje-sats-andante-malincolico-rafael-argullol-2017\/\" title=\"\" target=\"\" rel=\"\"><img loading=\"lazy\" decoding=\"async\" width=\"801\" height=\"1024\" src=\"https:\/\/www.larsphysant.com\/wp-content\/uploads\/2018\/03\/Argullol_blue1-801x1024.jpg\" class=\"attachment-large size-large\" alt=\"\" srcset=\"https:\/\/www.larsphysant.com\/wp-content\/uploads\/2018\/03\/Argullol_blue1-801x1024.jpg 801w, https:\/\/www.larsphysant.com\/wp-content\/uploads\/2018\/03\/Argullol_blue1-235x300.jpg 235w, https:\/\/www.larsphysant.com\/wp-content\/uploads\/2018\/03\/Argullol_blue1-600x767.jpg 600w\" sizes=\"auto, (max-width: 801px) 100vw, 801px\" \/><\/a><\/div><\/div><div class=\" one-quarter\"><div class=\"w-image \"><a href=\"https:\/\/www.larsphysant.com\/da\/obras\/10031\/\" title=\"\" target=\"\" rel=\"\"><img loading=\"lazy\" decoding=\"async\" width=\"811\" height=\"1024\" src=\"https:\/\/www.larsphysant.com\/wp-content\/uploads\/2018\/03\/Argullol_red1-811x1024.jpg\" class=\"attachment-large size-large\" alt=\"\" srcset=\"https:\/\/www.larsphysant.com\/wp-content\/uploads\/2018\/03\/Argullol_red1-811x1024.jpg 811w, https:\/\/www.larsphysant.com\/wp-content\/uploads\/2018\/03\/Argullol_red1-238x300.jpg 238w, https:\/\/www.larsphysant.com\/wp-content\/uploads\/2018\/03\/Argullol_red1-600x757.jpg 600w\" sizes=\"auto, (max-width: 811px) 100vw, 811px\" \/><\/a><\/div><\/div><\/div><\/div><\/section><section class=\"l-section wpb_row height_medium\"><div class=\"l-section-h i-cf\"><div class=\"g-cols offset_small\"><div class=\" full-width\"><div class=\"wpb_text_column  vc_custom_1520972598993\"><div class=\"wpb_wrapper\">\n<p style=\"text-align: center;\">\u00c5nd uden gr\u00e6nser \/ Spirit without Borders. Rafael Argullol, 2017<\/p>\n<\/div> <\/div> <\/div><\/div><\/div><\/section><section class=\"l-section wpb_row height_medium\"><div class=\"l-section-h i-cf\"><div class=\"g-cols offset_small\"><div class=\" one-quarter\"><div class=\"w-image \"><a href=\"https:\/\/www.larsphysant.com\/da\/obras\/10060\/\" title=\"\" target=\"\" rel=\"\"><img loading=\"lazy\" decoding=\"async\" width=\"801\" height=\"1024\" src=\"https:\/\/www.larsphysant.com\/wp-content\/uploads\/2018\/03\/Petri_yellow1-801x1024.jpg\" class=\"attachment-large size-large\" alt=\"\" srcset=\"https:\/\/www.larsphysant.com\/wp-content\/uploads\/2018\/03\/Petri_yellow1-801x1024.jpg 801w, https:\/\/www.larsphysant.com\/wp-content\/uploads\/2018\/03\/Petri_yellow1-235x300.jpg 235w, https:\/\/www.larsphysant.com\/wp-content\/uploads\/2018\/03\/Petri_yellow1-600x767.jpg 600w\" sizes=\"auto, (max-width: 801px) 100vw, 801px\" \/><\/a><\/div><\/div><div class=\" one-quarter\"><div class=\"w-image \"><a href=\"https:\/\/www.larsphysant.com\/da\/obras\/anden-sats-andante-comodo-e-flemmatico-michala-petri-2017\/\" title=\"\" target=\"\" rel=\"\"><img loading=\"lazy\" decoding=\"async\" width=\"811\" height=\"1024\" src=\"https:\/\/www.larsphysant.com\/wp-content\/uploads\/2018\/03\/Petri_green-811x1024.jpg\" class=\"attachment-large size-large\" alt=\"\" srcset=\"https:\/\/www.larsphysant.com\/wp-content\/uploads\/2018\/03\/Petri_green-811x1024.jpg 811w, https:\/\/www.larsphysant.com\/wp-content\/uploads\/2018\/03\/Petri_green-238x300.jpg 238w, https:\/\/www.larsphysant.com\/wp-content\/uploads\/2018\/03\/Petri_green-600x758.jpg 600w\" sizes=\"auto, (max-width: 811px) 100vw, 811px\" \/><\/a><\/div><\/div><div class=\" one-quarter\"><div class=\"w-image \"><a href=\"https:\/\/www.larsphysant.com\/da\/obras\/tredje-sats-andante-malincolico-michala-petri-2017\/\" title=\"\" target=\"\" rel=\"\"><img loading=\"lazy\" decoding=\"async\" width=\"804\" height=\"1024\" src=\"https:\/\/www.larsphysant.com\/wp-content\/uploads\/2018\/03\/Petri_blue-804x1024.jpg\" class=\"attachment-large size-large\" alt=\"\" srcset=\"https:\/\/www.larsphysant.com\/wp-content\/uploads\/2018\/03\/Petri_blue-804x1024.jpg 804w, https:\/\/www.larsphysant.com\/wp-content\/uploads\/2018\/03\/Petri_blue-236x300.jpg 236w, https:\/\/www.larsphysant.com\/wp-content\/uploads\/2018\/03\/Petri_blue-600x764.jpg 600w\" sizes=\"auto, (max-width: 804px) 100vw, 804px\" \/><\/a><\/div><\/div><div class=\" one-quarter\"><div class=\"w-image \"><a href=\"https:\/\/www.larsphysant.com\/da\/obras\/fjerde-sats-allegro-sanguineo-michala-petri-2017\/\" title=\"\" target=\"\" rel=\"\"><img loading=\"lazy\" decoding=\"async\" width=\"812\" height=\"1024\" src=\"https:\/\/www.larsphysant.com\/wp-content\/uploads\/2018\/03\/Petri_red-812x1024.jpg\" class=\"attachment-large size-large\" alt=\"\" srcset=\"https:\/\/www.larsphysant.com\/wp-content\/uploads\/2018\/03\/Petri_red-812x1024.jpg 812w, https:\/\/www.larsphysant.com\/wp-content\/uploads\/2018\/03\/Petri_red-238x300.jpg 238w, https:\/\/www.larsphysant.com\/wp-content\/uploads\/2018\/03\/Petri_red-600x757.jpg 600w\" sizes=\"auto, (max-width: 812px) 100vw, 812px\" \/><\/a><\/div><\/div><\/div><\/div><\/section><section class=\"l-section wpb_row height_medium\"><div class=\"l-section-h i-cf\"><div class=\"g-cols offset_small\"><div class=\" full-width\"><div class=\"wpb_text_column  vc_custom_1520972610044\"><div class=\"wpb_wrapper\">\n<p style=\"text-align: center;\">Luftens inderste og yderste; k\u00e6rlighedens instrument \/ Air\u2019s inner and outer Part; Instrument of Love. Michala Petri, 2017<\/p>\n<\/div> <\/div> <\/div><\/div><\/div><\/section><section class=\"l-section wpb_row height_medium\"><div class=\"l-section-h i-cf\"><div class=\"g-cols offset_small\"><div class=\" one-quarter\"><div class=\"w-image \"><a href=\"https:\/\/www.larsphysant.com\/da\/obras\/foerste-sats-allegro-collerico-thyge-christian-foenns-lundberg-2017\/\" title=\"\" target=\"\" rel=\"\"><img loading=\"lazy\" decoding=\"async\" width=\"801\" height=\"1024\" src=\"https:\/\/www.larsphysant.com\/wp-content\/uploads\/2018\/03\/Thyge_yeallow1-801x1024.jpg\" class=\"attachment-large size-large\" alt=\"\" srcset=\"https:\/\/www.larsphysant.com\/wp-content\/uploads\/2018\/03\/Thyge_yeallow1-801x1024.jpg 801w, https:\/\/www.larsphysant.com\/wp-content\/uploads\/2018\/03\/Thyge_yeallow1-235x300.jpg 235w, https:\/\/www.larsphysant.com\/wp-content\/uploads\/2018\/03\/Thyge_yeallow1-600x767.jpg 600w\" sizes=\"auto, (max-width: 801px) 100vw, 801px\" \/><\/a><\/div><\/div><div class=\" one-quarter\"><div class=\"w-image \"><a href=\"https:\/\/www.larsphysant.com\/da\/obras\/anden-sats-andante-comodo-e-flemmatico-thyge-christian-foenns-lundberg-2017\/\" title=\"\" target=\"\" rel=\"\"><img loading=\"lazy\" decoding=\"async\" width=\"809\" height=\"1024\" src=\"https:\/\/www.larsphysant.com\/wp-content\/uploads\/2018\/03\/Thyge_green-809x1024.jpg\" class=\"attachment-large size-large\" alt=\"\" srcset=\"https:\/\/www.larsphysant.com\/wp-content\/uploads\/2018\/03\/Thyge_green-809x1024.jpg 809w, https:\/\/www.larsphysant.com\/wp-content\/uploads\/2018\/03\/Thyge_green-237x300.jpg 237w, https:\/\/www.larsphysant.com\/wp-content\/uploads\/2018\/03\/Thyge_green-600x760.jpg 600w\" sizes=\"auto, (max-width: 809px) 100vw, 809px\" \/><\/a><\/div><\/div><div class=\" one-quarter\"><div class=\"w-image \"><a href=\"https:\/\/www.larsphysant.com\/da\/obras\/tredje-sats-andante-malincolico-thyge-christian-foenns-lundberg-2017\/\" title=\"\" target=\"\" rel=\"\"><img loading=\"lazy\" decoding=\"async\" width=\"804\" height=\"1024\" src=\"https:\/\/www.larsphysant.com\/wp-content\/uploads\/2018\/03\/Thyge_blue-804x1024.jpg\" class=\"attachment-large size-large\" alt=\"\" srcset=\"https:\/\/www.larsphysant.com\/wp-content\/uploads\/2018\/03\/Thyge_blue-804x1024.jpg 804w, https:\/\/www.larsphysant.com\/wp-content\/uploads\/2018\/03\/Thyge_blue-236x300.jpg 236w, https:\/\/www.larsphysant.com\/wp-content\/uploads\/2018\/03\/Thyge_blue-600x764.jpg 600w\" sizes=\"auto, (max-width: 804px) 100vw, 804px\" \/><\/a><\/div><\/div><div class=\" one-quarter\"><div class=\"w-image \"><a href=\"https:\/\/www.larsphysant.com\/da\/obras\/fjerde-sats-allegro-sanguineo-thyge-christian-foenns-lundberg-2017\/\" title=\"\" target=\"\" rel=\"\"><img loading=\"lazy\" decoding=\"async\" width=\"805\" height=\"1024\" src=\"https:\/\/www.larsphysant.com\/wp-content\/uploads\/2018\/03\/Thyge_red-805x1024.jpg\" class=\"attachment-large size-large\" alt=\"\" srcset=\"https:\/\/www.larsphysant.com\/wp-content\/uploads\/2018\/03\/Thyge_red-805x1024.jpg 805w, https:\/\/www.larsphysant.com\/wp-content\/uploads\/2018\/03\/Thyge_red-236x300.jpg 236w, https:\/\/www.larsphysant.com\/wp-content\/uploads\/2018\/03\/Thyge_red-600x763.jpg 600w\" sizes=\"auto, (max-width: 805px) 100vw, 805px\" \/><\/a><\/div><\/div><\/div><\/div><\/section><section class=\"l-section wpb_row height_medium\"><div class=\"l-section-h i-cf\"><div class=\"g-cols offset_small\"><div class=\" full-width\"><div class=\"wpb_text_column  vc_custom_1520973487356\"><div class=\"wpb_wrapper\">\n<p style=\"text-align: center;\">Det vanskeligste, det skr\u00f8beligste, det inderligste, det st\u00e6rkeste \/ The most difficult, the most fragile, det most introvert, the strongest. Thyge Christian F\u00f8nss-Lundberg, 2017<\/p>\n<\/div> <\/div> <\/div><\/div><\/div><\/section><section class=\"l-section wpb_row height_medium\"><div class=\"l-section-h i-cf\"><div class=\"g-cols offset_small\"><div class=\" one-quarter\"><div class=\"w-image \"><a href=\"https:\/\/www.larsphysant.com\/da\/obras\/foerste-sats-allegro-collerico-klaus-rifbjerg-2017\/\" title=\"\" target=\"\" rel=\"\"><img loading=\"lazy\" decoding=\"async\" width=\"801\" height=\"1024\" src=\"https:\/\/www.larsphysant.com\/wp-content\/uploads\/2018\/03\/Rifbjerg_yellow1-801x1024.jpg\" class=\"attachment-large size-large\" alt=\"\" srcset=\"https:\/\/www.larsphysant.com\/wp-content\/uploads\/2018\/03\/Rifbjerg_yellow1-801x1024.jpg 801w, https:\/\/www.larsphysant.com\/wp-content\/uploads\/2018\/03\/Rifbjerg_yellow1-235x300.jpg 235w, https:\/\/www.larsphysant.com\/wp-content\/uploads\/2018\/03\/Rifbjerg_yellow1-600x767.jpg 600w\" sizes=\"auto, (max-width: 801px) 100vw, 801px\" \/><\/a><\/div><\/div><div class=\" one-quarter\"><div class=\"w-image \"><a href=\"https:\/\/www.larsphysant.com\/da\/obras\/anden-sats-andante-comodo-e-flemmatico-klaus-rifbjerg-2017\/\" title=\"\" target=\"\" rel=\"\"><img loading=\"lazy\" decoding=\"async\" width=\"809\" height=\"1024\" src=\"https:\/\/www.larsphysant.com\/wp-content\/uploads\/2018\/03\/Rifbjerg_green-809x1024.jpg\" class=\"attachment-large size-large\" alt=\"\" srcset=\"https:\/\/www.larsphysant.com\/wp-content\/uploads\/2018\/03\/Rifbjerg_green-809x1024.jpg 809w, https:\/\/www.larsphysant.com\/wp-content\/uploads\/2018\/03\/Rifbjerg_green-237x300.jpg 237w, https:\/\/www.larsphysant.com\/wp-content\/uploads\/2018\/03\/Rifbjerg_green-600x760.jpg 600w\" sizes=\"auto, (max-width: 809px) 100vw, 809px\" \/><\/a><\/div><\/div><div class=\" one-quarter\"><div class=\"w-image \"><a href=\"https:\/\/www.larsphysant.com\/da\/obras\/tredje-sats-andante-malincolico-klaus-rifbjerg-2017\/\" title=\"\" target=\"\" rel=\"\"><img loading=\"lazy\" decoding=\"async\" width=\"804\" height=\"1024\" src=\"https:\/\/www.larsphysant.com\/wp-content\/uploads\/2018\/03\/Rifbjerg_blue-804x1024.jpg\" class=\"attachment-large size-large\" alt=\"\" srcset=\"https:\/\/www.larsphysant.com\/wp-content\/uploads\/2018\/03\/Rifbjerg_blue-804x1024.jpg 804w, https:\/\/www.larsphysant.com\/wp-content\/uploads\/2018\/03\/Rifbjerg_blue-236x300.jpg 236w, https:\/\/www.larsphysant.com\/wp-content\/uploads\/2018\/03\/Rifbjerg_blue-600x764.jpg 600w\" sizes=\"auto, (max-width: 804px) 100vw, 804px\" \/><\/a><\/div><\/div><div class=\" one-quarter\"><div class=\"w-image \"><a href=\"https:\/\/www.larsphysant.com\/da\/obras\/fjerde-sats-allegro-sanguineo-klaus-rifbjerg-2017\/\" title=\"\" target=\"\" rel=\"\"><img loading=\"lazy\" decoding=\"async\" width=\"812\" height=\"1024\" src=\"https:\/\/www.larsphysant.com\/wp-content\/uploads\/2018\/03\/Rifbjerg_red-812x1024.jpg\" class=\"attachment-large size-large\" alt=\"\" srcset=\"https:\/\/www.larsphysant.com\/wp-content\/uploads\/2018\/03\/Rifbjerg_red-812x1024.jpg 812w, https:\/\/www.larsphysant.com\/wp-content\/uploads\/2018\/03\/Rifbjerg_red-238x300.jpg 238w, https:\/\/www.larsphysant.com\/wp-content\/uploads\/2018\/03\/Rifbjerg_red-600x757.jpg 600w\" sizes=\"auto, (max-width: 812px) 100vw, 812px\" \/><\/a><\/div><\/div><\/div><\/div><\/section><section class=\"l-section wpb_row height_medium\"><div class=\"l-section-h i-cf\"><div class=\"g-cols offset_small\"><div class=\" full-width\"><div class=\"wpb_text_column  vc_custom_1520973826844\"><div class=\"wpb_wrapper\">\n<p style=\"text-align: center;\">Sv\u00e6vende: Tr\u00e6et og musv\u00e5gen \/ Levitation: The Tree and the Buzzard. Klaus Rifbjerg, 2017<\/p>\n<\/div> <\/div> <\/div><\/div><\/div><\/section><section class=\"l-section wpb_row height_medium\"><div class=\"l-section-h i-cf\"><div class=\"g-cols offset_small\"><div class=\" one-quarter\"><div class=\"w-image \"><a href=\"https:\/\/www.larsphysant.com\/da\/obras\/foerste-sats-allegro-collerico-peter-greenaway-2015\/\" title=\"\" target=\"\" rel=\"\"><img loading=\"lazy\" decoding=\"async\" width=\"1021\" height=\"1024\" src=\"https:\/\/www.larsphysant.com\/wp-content\/uploads\/2018\/03\/Greenaway_yellow1-1021x1024.jpg\" class=\"attachment-large size-large\" alt=\"\" srcset=\"https:\/\/www.larsphysant.com\/wp-content\/uploads\/2018\/03\/Greenaway_yellow1-1021x1024.jpg 1021w, https:\/\/www.larsphysant.com\/wp-content\/uploads\/2018\/03\/Greenaway_yellow1-150x150.jpg 150w, https:\/\/www.larsphysant.com\/wp-content\/uploads\/2018\/03\/Greenaway_yellow1-300x300.jpg 300w, https:\/\/www.larsphysant.com\/wp-content\/uploads\/2018\/03\/Greenaway_yellow1-350x350.jpg 350w, https:\/\/www.larsphysant.com\/wp-content\/uploads\/2018\/03\/Greenaway_yellow1-600x602.jpg 600w\" sizes=\"auto, (max-width: 1021px) 100vw, 1021px\" \/><\/a><\/div><\/div><div class=\" one-quarter\"><div class=\"w-image \"><a href=\"https:\/\/www.larsphysant.com\/da\/obras\/anden-sats-andante-comodo-e-flemmatico-peter-greenaway-2015\/\" title=\"\" target=\"\" rel=\"\"><img loading=\"lazy\" decoding=\"async\" width=\"1019\" height=\"1024\" src=\"https:\/\/www.larsphysant.com\/wp-content\/uploads\/2018\/03\/Greenaway_green-1019x1024.jpg\" class=\"attachment-large size-large\" alt=\"\" srcset=\"https:\/\/www.larsphysant.com\/wp-content\/uploads\/2018\/03\/Greenaway_green-1019x1024.jpg 1019w, https:\/\/www.larsphysant.com\/wp-content\/uploads\/2018\/03\/Greenaway_green-150x150.jpg 150w, https:\/\/www.larsphysant.com\/wp-content\/uploads\/2018\/03\/Greenaway_green-298x300.jpg 298w, https:\/\/www.larsphysant.com\/wp-content\/uploads\/2018\/03\/Greenaway_green-600x603.jpg 600w\" sizes=\"auto, (max-width: 1019px) 100vw, 1019px\" \/><\/a><\/div><\/div><div class=\" one-quarter\"><div class=\"w-image \"><a href=\"https:\/\/www.larsphysant.com\/da\/obras\/tredje-sats-andante-malincolico-peter-greenaway-2015\/\" title=\"\" target=\"\" rel=\"\"><img loading=\"lazy\" decoding=\"async\" width=\"1024\" height=\"1021\" src=\"https:\/\/www.larsphysant.com\/wp-content\/uploads\/2018\/03\/Greenaway_blue-1024x1021.jpg\" class=\"attachment-large size-large\" alt=\"\" srcset=\"https:\/\/www.larsphysant.com\/wp-content\/uploads\/2018\/03\/Greenaway_blue-1024x1021.jpg 1024w, https:\/\/www.larsphysant.com\/wp-content\/uploads\/2018\/03\/Greenaway_blue-150x150.jpg 150w, https:\/\/www.larsphysant.com\/wp-content\/uploads\/2018\/03\/Greenaway_blue-300x300.jpg 300w, https:\/\/www.larsphysant.com\/wp-content\/uploads\/2018\/03\/Greenaway_blue-350x350.jpg 350w, https:\/\/www.larsphysant.com\/wp-content\/uploads\/2018\/03\/Greenaway_blue-600x598.jpg 600w\" sizes=\"auto, (max-width: 1024px) 100vw, 1024px\" \/><\/a><\/div><\/div><div class=\" one-quarter\"><div class=\"w-image \"><a href=\"https:\/\/www.larsphysant.com\/da\/obras\/fjerde-sats-allegro-sanguineo-peter-greenaway-2015\/\" title=\"\" target=\"\" rel=\"\"><img loading=\"lazy\" decoding=\"async\" width=\"1017\" height=\"1024\" src=\"https:\/\/www.larsphysant.com\/wp-content\/uploads\/2018\/03\/Greenaway_red-1017x1024.jpg\" class=\"attachment-large size-large\" alt=\"\" srcset=\"https:\/\/www.larsphysant.com\/wp-content\/uploads\/2018\/03\/Greenaway_red-1017x1024.jpg 1017w, https:\/\/www.larsphysant.com\/wp-content\/uploads\/2018\/03\/Greenaway_red-150x150.jpg 150w, https:\/\/www.larsphysant.com\/wp-content\/uploads\/2018\/03\/Greenaway_red-298x300.jpg 298w, https:\/\/www.larsphysant.com\/wp-content\/uploads\/2018\/03\/Greenaway_red-600x604.jpg 600w\" sizes=\"auto, (max-width: 1017px) 100vw, 1017px\" \/><\/a><\/div><\/div><\/div><\/div><\/section><section class=\"l-section wpb_row height_medium\"><div class=\"l-section-h i-cf\"><div class=\"g-cols offset_small\"><div class=\" full-width\"><div class=\"wpb_text_column  vc_custom_1520974448062\"><div class=\"wpb_wrapper\">\n<p style=\"text-align: center;\">Creator: Writing in Water and listening to the Light. Peter Greenaway, 2015<\/p>\n<\/div> <\/div> <\/div><\/div><\/div><\/section><section class=\"l-section wpb_row height_medium\"><div class=\"l-section-h i-cf\"><div class=\"g-cols offset_small\"><div class=\" full-width\"><\/div><\/div><\/div><\/section>\n","protected":false},"excerpt":{"rendered":"TEXT - INTRO TO TEMPERAMENTS. LINK TO ARTICLE. Carl Nielsens 2. Symfoni opus 16 -\u00a0 DE FIRE TEMPERAMENTER F\u00f8rste sats: Allegro collerico \u00a0 \u00a0\u00a0 - \u00a0 Anden sats: Andante comodo...","protected":false},"author":1,"featured_media":0,"parent":0,"menu_order":0,"comment_status":"closed","ping_status":"closed","template":"","meta":{"ngg_post_thumbnail":0,"footnotes":""},"class_list":["post-9918","page","type-page","status-publish","hentry"],"_links":{"self":[{"href":"https:\/\/www.larsphysant.com\/da\/wp-json\/wp\/v2\/pages\/9918","targetHints":{"allow":["GET"]}}],"collection":[{"href":"https:\/\/www.larsphysant.com\/da\/wp-json\/wp\/v2\/pages"}],"about":[{"href":"https:\/\/www.larsphysant.com\/da\/wp-json\/wp\/v2\/types\/page"}],"author":[{"embeddable":true,"href":"https:\/\/www.larsphysant.com\/da\/wp-json\/wp\/v2\/users\/1"}],"replies":[{"embeddable":true,"href":"https:\/\/www.larsphysant.com\/da\/wp-json\/wp\/v2\/comments?post=9918"}],"version-history":[{"count":5,"href":"https:\/\/www.larsphysant.com\/da\/wp-json\/wp\/v2\/pages\/9918\/revisions"}],"predecessor-version":[{"id":10289,"href":"https:\/\/www.larsphysant.com\/da\/wp-json\/wp\/v2\/pages\/9918\/revisions\/10289"}],"wp:attachment":[{"href":"https:\/\/www.larsphysant.com\/da\/wp-json\/wp\/v2\/media?parent=9918"}],"curies":[{"name":"wp","href":"https:\/\/api.w.org\/{rel}","templated":true}]}}