{"id":5737,"date":"2015-11-19T15:33:54","date_gmt":"2015-11-19T15:33:54","guid":{"rendered":"https:\/\/www.larsphysant.com\/en\/exposiciones-colectivas\/"},"modified":"2025-10-09T12:57:23","modified_gmt":"2025-10-09T12:57:23","slug":"exposiciones-colectivas","status":"publish","type":"page","link":"https:\/\/www.larsphysant.com\/en\/exposiciones-colectivas\/","title":{"rendered":"Group exhibitions"},"content":{"rendered":"<section class=\"l-section wpb_row height_medium\"><div class=\"l-section-h i-cf\"><div class=\"g-cols offset_small\"><div class=\" full-width\"><\/div><\/div><\/div><\/section><section class=\"l-section wpb_row height_medium\"><div class=\"l-section-h i-cf\"><div class=\"g-cols offset_small\"><div class=\" full-width\"><div class=\"wpb_text_column \"><div class=\"wpb_wrapper\">\n<div class=\"five-sixths\">\n<div class=\"wpb_text_column \">\n<div class=\"wpb_wrapper\"><strong>2024<br \/>\n<\/strong><strong><em>Images of a Queen &#8211; Frederiksborg Museum, Denmark 14th January<\/em><\/strong><\/div>\n<div class=\"wpb_wrapper\"><strong>2020<br \/>\n<\/strong><strong><em>\u201cThe Faces of the Queen\u2033,&nbsp;<\/em><\/strong>Museum of National History, Frederiksborg Castle, Hillerod, Denmark<\/div>\n<div class=\"wpb_wrapper\"><strong>2019<br \/>\n<\/strong><strong><em>\u201cBishops\u2019 Portraits\u2033,&nbsp;<\/em><\/strong>Our Lady\u2019s Church, Copenhagen Cathedral, Denmark<\/div>\n<div class=\"wpb_wrapper\"><strong>2019<br \/>\n<\/strong><strong><em>\u201cPrincess of Time. H.R.H. Princess Benedikte og 75 years of Danish History\u2033,&nbsp;<\/em><\/strong>Koldinghus, Denmark<\/div>\n<div class=\"wpb_wrapper\"><strong>2011<br \/>\n<\/strong><strong><em>\u201cCorner 2011\u2033,&nbsp;<\/em><\/strong>Sophienholm, Kongens Lyngby, Denmark<\/div>\n<div class=\"wpb_wrapper\"><strong>2010<br \/>\n<\/strong><em><strong>\u201cCastell Benedormiens\u2033<\/strong>,&nbsp;<\/em>Castell d\u2019Aro, Girona<br \/>\n<strong><em>\u201cCorner 2010\u2033,&nbsp;<\/em><\/strong>Sophienholm, Kongens Lyngby, Denmark<\/div>\n<div class=\"wpb_wrapper\"><strong>2008<\/strong><br \/>\n<strong><em>\u201dArt Herning\u201d,&nbsp;<\/em><\/strong>Herning (Gallerihuset), Denmark<\/div>\n<div class=\"wpb_wrapper\"><strong>2007<\/strong><br \/>\n<strong><em>\u201dArt Copenhagen\u201d,&nbsp;<\/em><\/strong>Forum, Copenhagen, (Gallerihuset), Denmark<\/div>\n<div class=\"wpb_wrapper\"><strong>2005<\/strong><br \/>\n<strong><em>\u201cBarn Jesus i en krybbe l\u00e5\u201d,&nbsp;<\/em><\/strong>Roskilde Museum, Denmark<\/div>\n<div class=\"wpb_wrapper\"><strong>2003<\/strong><br \/>\n<strong><em>\u201cArt Copenhagen 2003\u201d,&nbsp;<\/em><\/strong>Forum, Copenhagen (Galleri Henrik Kampmann), Denmark<\/div>\n<div class=\"wpb_wrapper\"><strong>2000<\/strong><br \/>\n<strong><em>\u201cArt Copenhagen 2000\u201d,&nbsp;<\/em><\/strong>Forum, Copenhagen (Galleri Torso), Denmark<br \/>\n<strong><em>\u201cRealisme 2000\u201d,&nbsp;<\/em><\/strong>(sm.m. S\u00f8ren Hagen y Lars Andersen), Skovhuset, V\u00e6rl\u00f8se, Denmark<br \/>\n<strong><em>\u201cArt Herning\u201d,&nbsp;<\/em><\/strong>Herning&nbsp; (Galleri Torso) Denmark<\/div>\n<div class=\"wpb_wrapper\"><strong>1996<br \/>\n<\/strong><strong><em>\u201cEngle\u201d,&nbsp;<\/em><\/strong>Gladsaxe Hovedbibliotek, Denmark<br \/>\n<strong><em>\u201cKultur-land\u201996\u201d,&nbsp;<\/em><\/strong>Bramsn\u00e6s Kommune, Denmark<br \/>\n<strong><em>\u201cDanske portr\u00e6tter 1985 \u2013 1995 p\u00e5 \u00f8regaard\u201d,&nbsp;<\/em><\/strong>\u00f8regaard Museum, Copenhagen, Denmark<br \/>\n<strong><em>\u201cPortr\u00e6tkunst\u201d,&nbsp;<\/em><\/strong>Vestj\u00e6llands Kunstmuseum, Sor\u00f8, Denmark<br \/>\n<strong><em>\u201cAnsigt til ansigt\u201d,&nbsp;<\/em><\/strong>Kunsthallen, Brandts Kl\u00e6defabrik, Odense, Denmark<br \/>\n<strong><em>\u201cNach 16 Jahren\u201d,&nbsp;<\/em><\/strong>Galerie Bollhagen, Bremen, Germany<\/div>\n<div class=\"wpb_wrapper\"><strong>1995<\/strong><br \/>\n<strong><em>\u201cKopenhagen \u2013 Kulturhaupstadt 1996\u201d,&nbsp;<\/em><\/strong>Galerie Bollhagen, Bremen, Germany<\/div>\n<\/div>\n<\/div>\n<\/div> <\/div> <\/div><\/div><\/div><\/section><section class=\"l-section wpb_row height_medium\"><div class=\"l-section-h i-cf\"><div class=\"g-cols offset_small\"><div class=\" full-width\"><\/div><\/div><\/div><\/section>\n","protected":false},"excerpt":{"rendered":"2024 Images of a Queen - Frederiksborg Museum, Denmark 14th January 2020 \u201cThe Faces of the Queen\u2033,&nbsp;Museum of National History, Frederiksborg Castle, Hillerod, Denmark 2019 \u201cBishops\u2019 Portraits\u2033,&nbsp;Our Lady\u2019s Church, Copenhagen...","protected":false},"author":1,"featured_media":0,"parent":0,"menu_order":0,"comment_status":"closed","ping_status":"closed","template":"","meta":{"ngg_post_thumbnail":0,"footnotes":""},"class_list":["post-5737","page","type-page","status-publish","hentry"],"_links":{"self":[{"href":"https:\/\/www.larsphysant.com\/en\/wp-json\/wp\/v2\/pages\/5737","targetHints":{"allow":["GET"]}}],"collection":[{"href":"https:\/\/www.larsphysant.com\/en\/wp-json\/wp\/v2\/pages"}],"about":[{"href":"https:\/\/www.larsphysant.com\/en\/wp-json\/wp\/v2\/types\/page"}],"author":[{"embeddable":true,"href":"https:\/\/www.larsphysant.com\/en\/wp-json\/wp\/v2\/users\/1"}],"replies":[{"embeddable":true,"href":"https:\/\/www.larsphysant.com\/en\/wp-json\/wp\/v2\/comments?post=5737"}],"version-history":[{"count":5,"href":"https:\/\/www.larsphysant.com\/en\/wp-json\/wp\/v2\/pages\/5737\/revisions"}],"predecessor-version":[{"id":12563,"href":"https:\/\/www.larsphysant.com\/en\/wp-json\/wp\/v2\/pages\/5737\/revisions\/12563"}],"wp:attachment":[{"href":"https:\/\/www.larsphysant.com\/en\/wp-json\/wp\/v2\/media?parent=5737"}],"curies":[{"name":"wp","href":"https:\/\/api.w.org\/{rel}","templated":true}]}}