{"id":5766,"date":"2015-11-17T19:22:03","date_gmt":"2015-11-17T19:22:03","guid":{"rendered":"https:\/\/www.larsphysant.com\/en\/audiovisual\/"},"modified":"2023-03-07T17:56:49","modified_gmt":"2023-03-07T17:56:49","slug":"audiovisual","status":"publish","type":"page","link":"https:\/\/www.larsphysant.com\/en\/audiovisual\/","title":{"rendered":"Audiovisual"},"content":{"rendered":"<section class=\"l-section wpb_row height_medium\"><div class=\"l-section-h i-cf\"><div class=\"g-cols offset_small\"><div class=\" full-width\"><div class=\"g-cols wpb_row offset_small vc_inner \"><div class=\" full-width\"><div class=\"wpb_text_column \"><div class=\"wpb_wrapper\">\n<h1>UP AND BEYOND<\/h1>\n<p>&#8220;Up and Beyond&#8221;-portr\u00e6tmaleriet af Ulla M. Wewer pr\u00e6senteret i Niels K. Jerne Auditoriet i M\u00e6rsk T\u00e5rnet 28. april 2022 til den store \u00e6resreception for Ulla M. Wewer.<\/p>\n<p>Video af Jacob Lejbach S\u00f8rensen<\/p>\n<p>&nbsp;<\/p>\n<p><iframe loading=\"lazy\" title=\"YouTube video player\" src=\"https:\/\/www.youtube.com\/embed\/lbabzh32WVs\" allowfullscreen=\"allowfullscreen\" width=\"560\" height=\"315\" frameborder=\"0\"><\/iframe><\/div> <\/div> <div class=\"wpb_text_column \"><div class=\"wpb_wrapper\">\n<h1>TO POSE FOR A PORTRAIT<\/h1>\n<p>Expert on portraits in art, Thyge Christian F\u00f8nns-Lundberg, talks about posing for a portrait for Lars Physant.<\/p>\n<p>Video by Ole and Ki Aabenhus<\/p>\n<p><iframe loading=\"lazy\" src=\"https:\/\/www.youtube.com\/embed\/t5rY7C98b6M\" allowfullscreen=\"allowfullscreen\" width=\"560\" height=\"315\" frameborder=\"0\"><\/iframe><\/div> <\/div> <\/div><div class=\" full-width\"><\/div><\/div><\/div><div class=\" full-width\"><div class=\"wpb_text_column \"><div class=\"wpb_wrapper\">\n<h1>SERENDIPIA<\/h1>\n<h2>Kosmos &#8211; Polykosmos &#8211; Psykokosmos<\/h2>\n<p>Interwiev with Lars Physant about his exhibition at Kastrupgardsamlingen 2018.<\/p>\n<p>Video by Ole and Ki Aabenhus<\/p>\n<p><iframe loading=\"lazy\" src=\"https:\/\/www.youtube.com\/embed\/NhUr5CUq_WQ\" width=\"560\" height=\"315\" frameborder=\"0\" allowfullscreen=\"allowfullscreen\"><\/iframe><\/div> <\/div> <div class=\"g-cols wpb_row offset_small vc_inner \"><div class=\" full-width\"><div class=\"wpb_text_column \"><div class=\"wpb_wrapper\">\n<h1>PASTORALE<\/h1>\n<p>Lars Physant speaks about the details of his painting &#8220;Pastorale&#8221;<\/p>\n<p>Video by Ole and Ki Aabenhus<\/p>\n<p><iframe loading=\"lazy\" src=\"https:\/\/www.youtube.com\/embed\/xN44cb8cyEE\" width=\"560\" height=\"315\" frameborder=\"0\" allowfullscreen=\"allowfullscreen\"><\/iframe><\/div> <\/div> <\/div><div class=\" full-width\"><\/div><\/div><div class=\"wpb_text_column \"><div class=\"wpb_wrapper\">\n<h1>SERENDIPIA<\/h1>\n<h2>Kosmos &#8211; Polykosmos &#8211; Psykokosmos<\/h2>\n<p>From the exhibition at Kastrupg\u00e5rdsamlingen, Copenhagen, Denmark.<\/p>\n<p>October 12, 2017 &#8211; January 28, 2018<\/p>\n<p>Video by Niels Lyksted<\/p>\n<p><iframe loading=\"lazy\" src=\"https:\/\/www.youtube.com\/embed\/QeVhI9O-28o\" width=\"560\" height=\"315\" frameborder=\"0\" allowfullscreen=\"allowfullscreen\"><\/iframe><\/div> <\/div> <\/div><div class=\" full-width\"><\/div><\/div><\/div><\/section><section class=\"l-section wpb_row height_medium\"><div class=\"l-section-h i-cf\"><div class=\"g-cols offset_small\"><div class=\" full-width\"><div class=\"wpb_text_column \"><div class=\"wpb_wrapper\">\n<h3>Ferias \u2013 Lorca, Rifbjerg, Physant<\/h3>\n<p><em>Presentation of &#8220;Ferias&#8221; by Inge and Klaus Rifbjerg. Paintings by Lars Physant<\/em><\/p>\n<p><em> At Gyldendal, Copenhagen, Denmark<\/em><\/p>\n<p><iframe loading=\"lazy\" src=\"https:\/\/www.youtube.com\/embed\/BKE3FIO-dro\" width=\"560\" height=\"315\" frameborder=\"0\" allowfullscreen=\"allowfullscreen\"><\/iframe><\/div> <\/div> <\/div><\/div><\/div><\/section><section class=\"l-section wpb_row height_medium\"><div class=\"l-section-h i-cf\"><div class=\"g-cols offset_small\"><div class=\" full-width\"><div class=\"wpb_text_column \"><div class=\"wpb_wrapper\">\n<h3>Interview for TV programme: Conexi\u00f3 Barcelona BTV.<\/h3>\n<p>Exhibition \u201cSimultaneous perception\u201d \u2013 Palau Moja (Barcelona) \u2013 June 2012<\/p>\n<p><iframe loading=\"lazy\" src=\"https:\/\/player.vimeo.com\/video\/45119680\" width=\"640\" height=\"360\" frameborder=\"0\" title=\"Interview BTV Channel : &ldquo;Simultaneous perception&rdquo; &ndash; Palau Moja (Barcelona) &ndash; June 2012\" webkitallowfullscreen mozallowfullscreen allowfullscreen><\/iframe><\/div> <\/div> <\/div><\/div><\/div><\/section><section class=\"l-section wpb_row height_medium\"><div class=\"l-section-h i-cf\"><div class=\"g-cols offset_small\"><div class=\" full-width\"><div class=\"wpb_text_column \"><div class=\"wpb_wrapper\">\n<h3>Opening of Lars Physant\u2019s exhibition \u201cSimultaneous perception\u201d at<\/h3>\n<p>Palau Moja, Barcelona, June 2012<\/p>\n<p><iframe loading=\"lazy\" src=\"https:\/\/player.vimeo.com\/video\/58824223\" width=\"640\" height=\"480\" frameborder=\"0\" title=\"Opening of Lars Physant&rsquo;s exhibition &ldquo;Simultaneous perception&rdquo; at Palau Moja,-Barcelona &ndash; June 2012\" webkitallowfullscreen mozallowfullscreen allowfullscreen><\/iframe><\/div> <\/div> <\/div><\/div><\/div><\/section><section class=\"l-section wpb_row height_medium\"><div class=\"l-section-h i-cf\"><div class=\"g-cols offset_small\"><div class=\" full-width\"><div class=\"wpb_text_column \"><div class=\"wpb_wrapper\">\n<h3>Simultaneous Perception, Exhibition in Palau Monja, Barcelona<\/h3>\n<p><iframe loading=\"lazy\" src=\"https:\/\/player.vimeo.com\/video\/63822266\" width=\"640\" height=\"360\" frameborder=\"0\" title=\"Simultaneous Perception, Exhibition in Palau Monja, Barcelona\" webkitallowfullscreen mozallowfullscreen allowfullscreen><\/iframe><\/p>\n<\/div> <\/div> <\/div><\/div><\/div><\/section><section class=\"l-section wpb_row height_medium\"><div class=\"l-section-h i-cf\"><div class=\"g-cols offset_small\"><div class=\" full-width\"><div class=\"wpb_text_column \"><div class=\"wpb_wrapper\">\n<h3>V\u00cdDEO NEWS LARS PHYSANT<\/h3>\n<p><iframe loading=\"lazy\" src=\"https:\/\/www.youtube.com\/embed\/UNL4xFU2p3k\" width=\"640\" height=\"360\" frameborder=\"0\" allowfullscreen=\"allowfullscreen\"><\/iframe><\/div> <\/div> <\/div><\/div><\/div><\/section><section class=\"l-section wpb_row height_medium\"><div class=\"l-section-h i-cf\"><div class=\"g-cols offset_small\"><div class=\" full-width\"><div class=\"wpb_text_column \"><div class=\"wpb_wrapper\">\n<h3>LARS PHYSANT. CIUDAD DIVIDIDA-UNIDA. N\u00faria d\u2019Asprer<\/h3>\n<p><iframe loading=\"lazy\" src=\"https:\/\/www.youtube.com\/embed\/HrUgoxpZmg8\" width=\"640\" height=\"360\" frameborder=\"0\" allowfullscreen=\"allowfullscreen\"><\/iframe><\/div> <\/div> <\/div><\/div><\/div><\/section><section class=\"l-section wpb_row height_medium\"><div class=\"l-section-h i-cf\"><div class=\"g-cols offset_small\"><div class=\" full-width\"><div class=\"wpb_text_column \"><div class=\"wpb_wrapper\">\n<h3>\u00c8cfrasi de Lars Physant<\/h3>\n<p><iframe loading=\"lazy\" src=\"https:\/\/www.youtube.com\/embed\/F40pHEtP92M\" width=\"640\" height=\"360\" frameborder=\"0\" allowfullscreen=\"allowfullscreen\"><\/iframe><\/div> <\/div> <\/div><\/div><\/div><\/section>\n","protected":false},"excerpt":{"rendered":"UP AND BEYOND \"Up and Beyond\"-portr\u00e6tmaleriet af Ulla M. Wewer pr\u00e6senteret i Niels K. Jerne Auditoriet i M\u00e6rsk T\u00e5rnet 28. april 2022 til den store \u00e6resreception for Ulla M. Wewer....","protected":false},"author":1,"featured_media":0,"parent":0,"menu_order":0,"comment_status":"closed","ping_status":"closed","template":"","meta":{"ngg_post_thumbnail":0,"footnotes":""},"class_list":["post-5766","page","type-page","status-publish","hentry"],"_links":{"self":[{"href":"https:\/\/www.larsphysant.com\/en\/wp-json\/wp\/v2\/pages\/5766","targetHints":{"allow":["GET"]}}],"collection":[{"href":"https:\/\/www.larsphysant.com\/en\/wp-json\/wp\/v2\/pages"}],"about":[{"href":"https:\/\/www.larsphysant.com\/en\/wp-json\/wp\/v2\/types\/page"}],"author":[{"embeddable":true,"href":"https:\/\/www.larsphysant.com\/en\/wp-json\/wp\/v2\/users\/1"}],"replies":[{"embeddable":true,"href":"https:\/\/www.larsphysant.com\/en\/wp-json\/wp\/v2\/comments?post=5766"}],"version-history":[{"count":15,"href":"https:\/\/www.larsphysant.com\/en\/wp-json\/wp\/v2\/pages\/5766\/revisions"}],"predecessor-version":[{"id":12059,"href":"https:\/\/www.larsphysant.com\/en\/wp-json\/wp\/v2\/pages\/5766\/revisions\/12059"}],"wp:attachment":[{"href":"https:\/\/www.larsphysant.com\/en\/wp-json\/wp\/v2\/media?parent=5766"}],"curies":[{"name":"wp","href":"https:\/\/api.w.org\/{rel}","templated":true}]}}