{"id":7332,"date":"2016-02-03T22:28:33","date_gmt":"2016-02-03T22:28:33","guid":{"rendered":"https:\/\/www.larsphysant.com\/en\/politica-de-privacidad\/"},"modified":"2016-05-13T19:38:31","modified_gmt":"2016-05-13T19:38:31","slug":"politica-de-privacidad","status":"publish","type":"page","link":"https:\/\/www.larsphysant.com\/en\/politica-de-privacidad\/","title":{"rendered":"Pol\u00edtica de privacidad"},"content":{"rendered":"<h1>POL\u00cdTICA DE PRIVACIDAD<\/h1>\n<p>LARS PHYSANT (desde ahora EL TITULAR), con N.I.E. X-2658677-S\u00a0y domicilio en la Rambla de Catalunya,36 5\u00ba, de 08007 &#8211; Barcelona, indica que para contactar con la empresa se podr\u00e1 llamar al m\u00f3vil 696936511, y que como titular a todos los efectos de la presente p\u00e1gina web es responsable de los ficheros automatizados derivados de la misma y garantiza el \u00edntegro y pleno cumplimiento de las obligaciones dispuestas por la Ley Org\u00e1nica 15\/1999, de 13 de diciembre, de Protecci\u00f3n de Datos Personales, as\u00ed como las dispuestas en su Reglamento de desarrollo, aprobado por el Real Decreto 1720\/2007 de 21 de diciembre (en adelante, LOPD y RLOPD) y dem\u00e1s normativa aplicable.<\/p>\n<p>EL TITULAR tiene la consideraci\u00f3n de titular del tratamiento y, adem\u00e1s, de encargado del tratamiento.<\/p>\n<p>Esta declaraci\u00f3n tiene como finalidad informar a los usuarios de la pol\u00edtica de protecci\u00f3n de datos personales seguida por EL TITULAR y ser\u00e1 aplicable en caso de que los usuarios decidan rellenar el formulario de contacto o remitir un mail de contacto, o llamar a EL TITULAR o ponerse en contacto en el mismo de cualquier otra forma de manera que ser\u00e1 imprescindible recabar sus datos de car\u00e1cter personal para los fines solicitados por el usuario.<\/p>\n<p>EL TITULAR puede modificar esta Pol\u00edtica de Privacidad en funci\u00f3n de exigencias legislativas o de autorregulaci\u00f3n, por ello se aconseja a los usuarios que la visiten peri\u00f3dicamente.<\/p>\n<p>EL TITULAR adoptar\u00e1 las medidas de \u00edndole t\u00e9cnica y organizativa necesarias que garanticen la seguridad de los datos de car\u00e1cter personal y eviten as\u00ed su alteraci\u00f3n, p\u00e9rdida, tratamiento o acceso no autorizado, habida cuenta del estado de la tecnolog\u00eda de acuerdo con lo establecido por el RLOPD. Sin embargo, EL TITULAR no puede garantizar la absoluta inexpugnabilidad de la red Internet y por tanto la violaci\u00f3n de los datos mediante accesos fraudulentos a ellos por parte de terceros.<\/p>\n<p>Los usuarios responder\u00e1n, en cualquier caso, de la veracidad de los datos facilitados y se hacen responsables de comunicar a EL TITULAR cualquier modificaci\u00f3n en los mismos, quedando EL TITULAR exento de cualquier tipo de responsabilidad a este respecto.<\/p>\n<p>Los usuarios tienen reconocidos y podr\u00e1n ejercitar los derechos de acceso, cancelaci\u00f3n, rectificaci\u00f3n y oposici\u00f3n, mediante escrito a la direcci\u00f3n calle\u00a0Rambla\u00a0de Catalunya, 36 5\u00ba, de 08007\u00a0<span style=\"line-height: 1.5\">&#8211; Barcelona, o por mail a la direcci\u00f3n\u00a0<a href=\"mailto:larsphysant@larsphysant.com\" target=\"_blank\">larsphysant<\/a><\/span><a href=\"mailto:larsphysant@larsphysant.com\" target=\"_blank\"><u style=\"line-height: 1.5\">@larsphysant.com<\/u><\/a><span style=\"line-height: 1.5\">. En su caso, deber\u00e1n aportar fotocopia del DNI o documento equivalente.<\/span><\/p>\n<p>De acuerdo con lo dispuesto en los arts. 19, 20 y 21 de la LSSI EL TITULAR informa el usuario de que proceder\u00e1 a remitir, con la periodicidad que considere oportuna, y hasta que le fuera puesta de manifiesto su oposici\u00f3n por el propio el usuario, comunicaciones electr\u00f3nicas con fines comerciales, promocionales y publicitarios, a cuyo env\u00edo la aceptaci\u00f3n de las condiciones de uso de esta web y de la presente pol\u00edtica de privacidad, constituye aceptaci\u00f3n y consentimiento previo y expreso del usuario.<\/p>\n<p>EL TITULAR informa a los usuarios que, en caso de haber solicitado o consentido de alguna forma al env\u00edo de mensajes comerciales o alertas, podr\u00e1n darse de baja de este tipo de comunicaciones mediante escrito a la direcci\u00f3n calle Nou de la Rambla\u00a0de Catalunya, 36 5\u00ba, de 08007\u00a0<span style=\"line-height: 1.5\">&#8211; Barcelona<\/span>, o por mail a la direcci\u00f3n\u00a0<a href=\"mailto:larsphysant@larsphysant.com\" target=\"_blank\">larsphysant<u>@larsphysant.com<\/u><\/a>.<\/p>\n<p>Los datos que introduzca no ser\u00e1n cedidos a otras empresas, y en el caso de que se pretendiera su cesi\u00f3n el cliente\/usuario ser\u00eda convenientemente informado con anterioridad a fin de que nos autorice o desautorice expresamente a ello, as\u00ed como para informarle en relaci\u00f3n a sus derechos acerca de estas pr\u00e1cticas.<\/p>\n<p>De conformidad con lo dispuesto en el art. 5 de la L.O.P.D. de car\u00e1cter personal, ley 15\/1999, de 13 de diciembre, EL TITULAR le informa que:<\/p>\n<p>a) se crear\u00e1n en cada caso ficheros con los datos personales recabados y se comunicar\u00e1n a la AEPD mediante los pertinentes procedimientos.<br \/>\nb) dichos datos ser\u00e1n recabados y utilizados \u00fanica y exclusivamente para responder a la consulta realizada por el usuario.<br \/>\nc) que los contactos y direcciones para el ejercicio de los derechos de acceso, cancelaci\u00f3n, modificaci\u00f3n y oposici\u00f3n son los indicados m\u00e1s arriba.<br \/>\nd) que el responsable del tratamiento es EL TITULAR.[:en]<strong>POL\u00cdTICA DE PRIVACIDAD<\/strong><\/p>\n<p>LARS PHYSANT\u00a0(desde ahora EL TITULAR), con N.I.E. X-2658677-S y domicilio en la calle Rambla de Catalunya,36 \u00a05\u00ba, de 08007 &#8211; Barcelona, indica que para contactar con la empresa se podr\u00e1 llamar al m\u00f3vil 696936511, y que como titular a todos los efectos de la presente p\u00e1gina web es responsable de los ficheros automatizados derivados de la misma y garantiza el \u00edntegro y pleno cumplimiento de las obligaciones dispuestas por la Ley Org\u00e1nica 15\/1999, de 13 de diciembre, de Protecci\u00f3n de Datos Personales, as\u00ed como las dispuestas en su Reglamento de desarrollo, aprobado por el Real Decreto 1720\/2007 de 21 de diciembre (en adelante, LOPD y RLOPD) y dem\u00e1s normativa aplicable.<\/p>\n<p>EL TITULAR tiene la consideraci\u00f3n de titular del tratamiento y, adem\u00e1s, de encargado del tratamiento.<\/p>\n<p>Esta declaraci\u00f3n tiene como finalidad informar a los usuarios de la pol\u00edtica de protecci\u00f3n de datos personales seguida por EL TITULAR y ser\u00e1 aplicable en caso de que los usuarios decidan rellenar el formulario de contacto o remitir un mail de contacto, o llamar a EL TITULAR o ponerse en contacto en el mismo de cualquier otra forma de manera que ser\u00e1 imprescindible recabar sus datos de car\u00e1cter personal para los fines solicitados por el usuario.<\/p>\n<p>EL TITULAR puede modificar esta Pol\u00edtica de Privacidad en funci\u00f3n de exigencias legislativas o de autorregulaci\u00f3n, por ello se aconseja a los usuarios que la visiten peri\u00f3dicamente.<\/p>\n<p>EL TITULAR adoptar\u00e1 las medidas de \u00edndole t\u00e9cnica y organizativa necesarias que garanticen la seguridad de los datos de car\u00e1cter personal y eviten as\u00ed su alteraci\u00f3n, p\u00e9rdida, tratamiento o acceso no autorizado, habida cuenta del estado de la tecnolog\u00eda de acuerdo con lo establecido por el RLOPD. Sin embargo, EL TITULAR no puede garantizar la absoluta inexpugnabilidad de la red Internet y por tanto la violaci\u00f3n de los datos mediante accesos fraudulentos a ellos por parte de terceros.<\/p>\n<p>Los usuarios responder\u00e1n, en cualquier caso, de la veracidad de los datos facilitados y se hacen responsables de comunicar a EL TITULAR cualquier modificaci\u00f3n en los mismos, quedando EL TITULAR exento de cualquier tipo de responsabilidad a este respecto.<\/p>\n<p>Los usuarios tienen reconocidos y podr\u00e1n ejercitar los derechos de acceso, cancelaci\u00f3n, rectificaci\u00f3n y oposici\u00f3n, mediante escrito a la direcci\u00f3n calleRambla de Catalunya,36 \u00a05\u00ba, de 08007 &#8211; Barcelona, o por mail a la direcci\u00f3n\u00a0<a href=\"mailto:larsphysant@larsphysant.com\" target=\"_blank\">larsphysant<u>@larsphysant.com<\/u><\/a>. En su caso, deber\u00e1n aportar fotocopia del DNI o documento equivalente.<\/p>\n<p>De acuerdo con lo dispuesto en los arts. 19, 20 y 21 de la LSSI EL TITULAR informa el usuario de que proceder\u00e1 a remitir, con la periodicidad que considere oportuna, y hasta que le fuera puesta de manifiesto su oposici\u00f3n por el propio el usuario, comunicaciones electr\u00f3nicas con fines comerciales, promocionales y publicitarios, a cuyo env\u00edo la aceptaci\u00f3n de las condiciones de uso de esta web y de la presente pol\u00edtica de privacidad, constituye aceptaci\u00f3n y consentimiento previo y expreso del usuario.<\/p>\n<p>EL TITULAR informa a los usuarios que, en caso de haber solicitado o consentido de alguna forma al env\u00edo de mensajes comerciales o alertas, podr\u00e1n darse de baja de este tipo de comunicaciones mediante escrito a la direcci\u00f3n calle Rambla de Catalunya,36 \u00a05\u00ba, de 08007 &#8211; Barcelona, o por mail a la direcci\u00f3n\u00a0<a href=\"mailto:larsphysant@larsphysant.com\" target=\"_blank\">larsphysant<u>@larsphysant.com<\/u><\/a>.<\/p>\n<p>Los datos que introduzca no ser\u00e1n cedidos a otras empresas, y en el caso de que se pretendiera su cesi\u00f3n el cliente\/usuario ser\u00eda convenientemente informado con anterioridad a fin de que nos autorice o desautorice expresamente a ello, as\u00ed como para informarle en relaci\u00f3n a sus derechos acerca de estas pr\u00e1cticas.<\/p>\n<p>De conformidad con lo dispuesto en el art. 5 de la L.O.P.D. de car\u00e1cter personal, ley 15\/1999, de 13 de diciembre, EL TITULAR le informa que:<\/p>\n<p>a) se crear\u00e1n en cada caso ficheros con los datos personales recabados y se comunicar\u00e1n a la AEPD mediante los pertinentes procedimientos.<br \/>\nb) dichos datos ser\u00e1n recabados y utilizados \u00fanica y exclusivamente para responder a la consulta realizada por el usuario.<br \/>\nc) que los contactos y direcciones para el ejercicio de los derechos de acceso, cancelaci\u00f3n, modificaci\u00f3n y oposici\u00f3n son los indicados m\u00e1s arriba.<br \/>\nd) que el responsable del tratamiento es EL TITULAR.<\/p>\n","protected":false},"excerpt":{"rendered":"<p>POL\u00cdTICA DE PRIVACIDAD LARS PHYSANT (desde ahora EL TITULAR), con N.I.E. X-2658677-S\u00a0y domicilio en la Rambla de Catalunya,36 5\u00ba, de 08007 &#8211; Barcelona, indica que para contactar con la empresa&#8230;<\/p>\n","protected":false},"author":1,"featured_media":0,"parent":0,"menu_order":0,"comment_status":"closed","ping_status":"closed","template":"","meta":{"ngg_post_thumbnail":0,"footnotes":""},"class_list":["post-7332","page","type-page","status-publish","hentry"],"_links":{"self":[{"href":"https:\/\/www.larsphysant.com\/en\/wp-json\/wp\/v2\/pages\/7332","targetHints":{"allow":["GET"]}}],"collection":[{"href":"https:\/\/www.larsphysant.com\/en\/wp-json\/wp\/v2\/pages"}],"about":[{"href":"https:\/\/www.larsphysant.com\/en\/wp-json\/wp\/v2\/types\/page"}],"author":[{"embeddable":true,"href":"https:\/\/www.larsphysant.com\/en\/wp-json\/wp\/v2\/users\/1"}],"replies":[{"embeddable":true,"href":"https:\/\/www.larsphysant.com\/en\/wp-json\/wp\/v2\/comments?post=7332"}],"version-history":[{"count":4,"href":"https:\/\/www.larsphysant.com\/en\/wp-json\/wp\/v2\/pages\/7332\/revisions"}],"predecessor-version":[{"id":7847,"href":"https:\/\/www.larsphysant.com\/en\/wp-json\/wp\/v2\/pages\/7332\/revisions\/7847"}],"wp:attachment":[{"href":"https:\/\/www.larsphysant.com\/en\/wp-json\/wp\/v2\/media?parent=7332"}],"curies":[{"name":"wp","href":"https:\/\/api.w.org\/{rel}","templated":true}]}}